{"id":853,"date":"2020-02-10T11:38:09","date_gmt":"2020-02-10T11:38:09","guid":{"rendered":"http:\/\/awo-koenigswinter.de\/?page_id=853"},"modified":"2020-02-17T12:08:59","modified_gmt":"2020-02-17T12:08:59","slug":"rueckblick","status":"publish","type":"page","link":"https:\/\/awo-koenigswinter.de\/?page_id=853","title":{"rendered":"R\u00fcckblick"},"content":{"rendered":"<p><strong>AWO weiterhin im Aufwind<\/strong><\/p>\n<p>Mit gut besuchten Fahrten und Reisen, mit lebendigen fremdsprachlichen Gespr\u00e4chskreisen in Englisch, Franz\u00f6sisch und Spanisch und mit etlichen neuen Mitgliedern ist die AWO K\u00f6nigswinter nach wie vor im Aufwind. Das betonte AWO-Vorsitzende Hannelore Sander auf der Mitgliederversammlung am 27. Oktober 2018 in Oberdollendorf.<\/p>\n<p>Ebenfalls sehr gut angenommen werde die neu ins Programm aufgenommene Stuhlgymnastik, die w\u00f6chentlich stattfindet. Auch Bingo und das Ged\u00e4chtnistraining erfreuten sich nach wie vor gro\u00dfer Beliebtheit. Hannelore Sander: &#8222;Die Einnahmen aus dem Verkauf von Kleidung, B\u00fcchern und Hausrat im AWO-Laden sind deutlich gestiegen. Dass er nun auch an jedem 1. Samstag im Monat ge\u00f6ffnet hat, freut die Berufst\u00e4tigen.&#8220;<\/p>\n<p>Auf der Mitgliederversammlung wurde Erika Kuneck einstimmig als stellvertretende Kassiererin gew\u00e4hlt.<\/p>\n<p><strong>AWO mit neuem Vorstand<\/strong><\/p>\n<p>Einstimmig wurde Hannelore Sander als Vorsitzende der K\u00f6nigswinterer AWO auf der diesj\u00e4hrigen Jahreshauptversammlung ihres Verbandes am 01. Juli 2017 wiedergew\u00e4hlt. Ihre Stellvertreterinnen wurden Sabine Krieger-Mattila und Ulrike Ries, die au\u00dferdem f\u00fcr die Presse- und \u00d6ffentlichkeitsarbeit und die Fahrten und Reisen der AWO zust\u00e4ndig ist. Als Kassierer wurde Werner Brinkmann ebenfalls einstimmig wiedergew\u00e4hlt. Schriftf\u00fchrer wurde Bernd Roski. Den AWO-Treff und den AWO-Laden leiten nach wie vor Edith Kinder und Heinz Liebig, der au\u00dferdem zum Organisationsteam geh\u00f6rt. Weitere Beisitzer wurden Christel Schute (Mitgliederbetreuung) Jutta Otto und Christoph Drescher (Organisation).<\/p>\n<p>Als Revisoren wurden Renate Bergholz, Hermann Krauthausen und Axel K\u00e4thler gew\u00e4hlt.<\/p>\n<p>In ihrem Rechenschaftsbericht erl\u00e4uterte Hannelore Sander, dass die AWO in K\u00f6nigswinter in den letzten vier Jahren von 145 auf 175 Mitglieder angewachsen sei. Mit den fremdsprachlichen Gespr\u00e4chskreisen und den Kreativkursen habe die AWO ihr Angebot erfolgreich erweitert. Auch das N\u00e4hcaf\u00e9 f\u00fcr einheimische und gefl\u00fcchtete Frauen, das die AWO mit gegr\u00fcndet und seit November letzten Jahres gemeinsam mit den Kirchen organisiert, werde gut angenommen. Au\u00dferdem h\u00e4tten die Fahrten und Reisen ma\u00dfgeblich zu dem Mitgliederzuwachs gef\u00fchrt.<\/p>\n<p>Auf dieser Mitgliederversammlung hat sich die AWO dar\u00fcber hinaus eine neue Satzung gegeben, mit der sie jetzt ein eingetragener Verein wird. Diese Ver\u00e4nderung war aus rechtlichen Gr\u00fcnden notwendig geworden.<\/p>\n<p>&nbsp;<\/p>\n<p><img loading=\"lazy\" decoding=\"async\" class=\"alignnone wp-image-489 size-large\" src=\"http:\/\/awo-koenigswinter.de\/wp-content\/uploads\/2017\/11\/Vorstand-1024x649.jpg\" alt=\"\" width=\"1024\" height=\"649\" srcset=\"https:\/\/awo-koenigswinter.de\/wp-content\/uploads\/2017\/11\/Vorstand.jpg 1024w, https:\/\/awo-koenigswinter.de\/wp-content\/uploads\/2017\/11\/Vorstand-300x190.jpg 300w, https:\/\/awo-koenigswinter.de\/wp-content\/uploads\/2017\/11\/Vorstand-768x487.jpg 768w\" sizes=\"auto, (max-width: 1024px) 100vw, 1024px\" \/><\/p>\n<p>&nbsp;<\/p>\n<p>Foto von links: Edith Kinder, Christel Schute, Christoph Drescher, Werner Brinkmann, Hannelore Sander, Sabine Krieger-Mattila, Heinz Liebig, Ulrike Ries, Bernd Roski, Jutta Otto<\/p>\n<p>&nbsp;<\/p>\n<p><img loading=\"lazy\" decoding=\"async\" class=\"size-medium wp-image-229 alignleft\" src=\"http:\/\/awo-koenigswinter.de\/wp-content\/uploads\/2016\/08\/Ehrung-W\u00fcrtz-300x199.jpg\" alt=\"Ehrung W\u00fcrtz\" width=\"300\" height=\"199\" srcset=\"https:\/\/awo-koenigswinter.de\/wp-content\/uploads\/2016\/08\/Ehrung-W\u00fcrtz-300x199.jpg 300w, https:\/\/awo-koenigswinter.de\/wp-content\/uploads\/2016\/08\/Ehrung-W\u00fcrtz-768x509.jpg 768w, https:\/\/awo-koenigswinter.de\/wp-content\/uploads\/2016\/08\/Ehrung-W\u00fcrtz-1024x678.jpg 1024w\" sizes=\"auto, (max-width: 300px) 100vw, 300px\" \/><\/p>\n<p>&nbsp;<\/p>\n<p><strong>H\u00f6chste Verdiensmedaille der AWO verliehen<\/strong><\/p>\n<p>Mit der h\u00f6chsten Verdienstmedaille der Arbeiterwohlfahrt wurde am Samstag, den 10 Sept. 2016, auf der K\u00f6nigswinterer Mitgliederversammlung der AWO der langj\u00e4hrige ehemalige Vorsitzende Gerhard W\u00fcrtz geehrt.\u00a0<strong>\u2020<\/strong> 23.08.2019<\/p>\n<p>In ihrer Laudatio betonte die jetzige AWO-Vorsitzende Hannelore Sander, ihm sei es zu verdanken, dass die K\u00f6nigswinterer AWO 19 Jahre nach ihrer Gr\u00fcndung eine Begegnungsst\u00e4tte mit Kleiderladen einrichten konnte: &#8222;Das war damals ein Risiko, aber mit Entschlossenheit und Tatkraft hast Du es geschafft, dieses Risiko zu \u00fcberwinden&#8220;. Der AWO-Treff sei das Herzst\u00fcck des Verbandslebens.<br \/>\n&#8222;Ohne diese Begegnungsst\u00e4tte w\u00e4re die AWO niemals das geworden, was sie heute ist&#8220;, erl\u00e4uterte sie.<\/p>\n<p>Und es sei W\u00fcrtz gewesen, der den ersten Antrag an die Stadt gestellt habe, eine Tafel f\u00fcr bed\u00fcrftige Menschen einzurichten. Dieser Antrag sei jedoch zun\u00e4chst abgelehnt worden. Gerhard W\u00fcrtz: &#8222;Aber ich konnte auf das Beispiel Hennef verweisen und habe der Stadt \u00fcberzeugendes Zahlenmaterial an die Hand gegeben.&#8220;\u00a0 Er sei froh, dass die Tafel des AWO-Kreises seit 2009 so gut liefe.<\/p>\n<p>Verliehen wurde die Verdienstmedaille vom AWO-Kreisvorsitzenden Heinz-Willi Sch\u00e4fer, der in seiner Ansprache betonte, Gerhard W\u00fcrtz sei ein Vorbild f\u00fcr andere, sich f\u00fcr \u00f6ffentliche Belange einzusetzen und selbst dabei immer bescheiden zu bleiben.<\/p>\n<p>Foto von links: Vize-B\u00fcrgermeisterin Cornelia Mazur-Fl\u00f6er, Hannelore Sander, Gerhard W\u00fcrtz, Heinz-Willi Sch\u00e4fer<\/p>\n<p>&nbsp;<\/p>\n<p><img loading=\"lazy\" decoding=\"async\" class=\"size-medium wp-image-226 alignleft\" src=\"http:\/\/awo-koenigswinter.de\/wp-content\/uploads\/2016\/08\/Gutschein-217x300.jpg\" alt=\"Gutschein\" width=\"217\" height=\"300\" srcset=\"https:\/\/awo-koenigswinter.de\/wp-content\/uploads\/2016\/08\/Gutschein-217x300.jpg 217w, https:\/\/awo-koenigswinter.de\/wp-content\/uploads\/2016\/08\/Gutschein-768x1063.jpg 768w, https:\/\/awo-koenigswinter.de\/wp-content\/uploads\/2016\/08\/Gutschein-740x1024.jpg 740w, https:\/\/awo-koenigswinter.de\/wp-content\/uploads\/2016\/08\/Gutschein.jpg 1512w\" sizes=\"auto, (max-width: 217px) 100vw, 217px\" \/><\/p>\n<p><strong>AWO-Wettlauf gewonnen<\/strong><\/p>\n<p>Im Wettlauf um den gr\u00f6\u00dften Mitgliederzuwachs hat die AWO K\u00f6nigswinter in der Region Bonn-Rhein-Sieg gewonnen. Im Jahr 2015 hat der Ortsverein 25 neue Mitglieder geworben. Das sind 19% der gesamten Mitgliederzahl.<\/p>\n<p>Damit war die AWO K\u00f6nigswinter der \u201cbeste\u201d Ortsverein. Vorsitzende Hannelore Sander erhielt aus der Hand des Kreisvorsitzenden Heinz-Willi Sch\u00e4fer auf dem Sommerfest des AWO-Kreises in Siegburg eine Schachtel Pralinen und einen 100\u20ac Gutschein.<\/p>\n<p>&nbsp;<\/p>\n<p>&nbsp;<\/p>\n<p>&nbsp;<\/p>\n<p>&nbsp;<\/p>\n<p>Hannelore Sander\u00a0 auf der Mitglieder- \u00a0 \u00a0 \u00a0 \u00a0 \u00a0 \u00a0 Kreisvorsitzender Heinz-Willi Sch\u00e4fer und<br \/>\nVersammlung\u00a0 2016\u00a0\u00a0\u00a0\u00a0\u00a0\u00a0\u00a0\u00a0\u00a0\u00a0\u00a0\u00a0\u00a0\u00a0\u00a0\u00a0\u00a0\u00a0\u00a0\u00a0\u00a0\u00a0\u00a0\u00a0\u00a0\u00a0\u00a0\u00a0\u00a0\u00a0\u00a0\u00a0\u00a0\u00a0\u00a0\u00a0\u00a0\u00a0\u00a0\u00a0\u00a0\u00a0\u00a0\u00a0 Hannelore Sander<\/p>\n<p><img loading=\"lazy\" decoding=\"async\" class=\"alignnone size-medium wp-image-232 alignleft\" src=\"http:\/\/awo-koenigswinter.de\/wp-content\/uploads\/2016\/02\/Hanni-Sander-300x199.jpg\" alt=\"Hanni Sander\" width=\"300\" height=\"199\" \/><\/p>\n<p><img loading=\"lazy\" decoding=\"async\" class=\"alignnone size-medium wp-image-233\" src=\"http:\/\/awo-koenigswinter.de\/wp-content\/uploads\/2016\/02\/Willi-Sch\u00e4fer-300x199.jpg\" alt=\"Willi Sch\u00e4fer\" width=\"300\" height=\"199\" srcset=\"https:\/\/awo-koenigswinter.de\/wp-content\/uploads\/2016\/02\/Willi-Sch\u00e4fer-300x199.jpg 300w, https:\/\/awo-koenigswinter.de\/wp-content\/uploads\/2016\/02\/Willi-Sch\u00e4fer-768x509.jpg 768w, https:\/\/awo-koenigswinter.de\/wp-content\/uploads\/2016\/02\/Willi-Sch\u00e4fer-1024x678.jpg 1024w\" sizes=\"auto, (max-width: 300px) 100vw, 300px\" \/><\/p>\n<p>&nbsp;<\/p>\n<p><img loading=\"lazy\" decoding=\"async\" class=\"wp-image-428 size-medium alignleft\" src=\"http:\/\/awo-koenigswinter.de\/wp-content\/uploads\/2016\/02\/Hans-Behr-90zig-Jahre-e1498143607184-169x300.jpg\" alt=\"\" width=\"169\" height=\"300\" srcset=\"https:\/\/awo-koenigswinter.de\/wp-content\/uploads\/2016\/02\/Hans-Behr-90zig-Jahre-e1498143607184-169x300.jpg 169w, https:\/\/awo-koenigswinter.de\/wp-content\/uploads\/2016\/02\/Hans-Behr-90zig-Jahre-e1498143607184-768x1362.jpg 768w, https:\/\/awo-koenigswinter.de\/wp-content\/uploads\/2016\/02\/Hans-Behr-90zig-Jahre-e1498143607184-577x1024.jpg 577w, https:\/\/awo-koenigswinter.de\/wp-content\/uploads\/2016\/02\/Hans-Behr-90zig-Jahre-e1498143607184.jpg 1840w\" sizes=\"auto, (max-width: 169px) 100vw, 169px\" \/><\/p>\n<p>&nbsp;<\/p>\n<p>Nach Leo Leven aus Ittenbach konnte die AWO am 20. Juni dem zweiten 90-j\u00e4hrigen Mitglied zum Geburtstag gratulieren. Hans Behr,\u00a0<strong>\u2020<\/strong> Aug. 2019\u00a0ehemaliger Maurer aus Stieldorferhohn, der seit vielen Jahren in Thomasberg lebt, freute sich \u00fcber die AWO-Gratulation. Ulrike Ries-Staudacher und Ernst Staudacher hatten dem Jubilar eine Flasche Grappa direkt vom Winzer aus der Toskana mitgebracht.<\/p>\n","protected":false},"excerpt":{"rendered":"<p>AWO weiterhin im Aufwind Mit gut besuchten Fahrten und Reisen, mit lebendigen fremdsprachlichen Gespr\u00e4chskreisen in Englisch, Franz\u00f6sisch und Spanisch und mit etlichen neuen Mitgliedern ist die AWO K\u00f6nigswinter nach wie vor im Aufwind. Das betonte AWO-Vorsitzende Hannelore Sander auf der <span class=\"excerpt-dots\">&hellip;<\/span> <a class=\"more-link\" href=\"https:\/\/awo-koenigswinter.de\/?page_id=853\"><span class=\"more-msg\">Weiterlesen &rarr;<\/span><\/a><\/p>\n","protected":false},"author":1,"featured_media":0,"parent":39,"menu_order":5,"comment_status":"closed","ping_status":"closed","template":"","meta":{"footnotes":""},"class_list":["post-853","page","type-page","status-publish","hentry"],"_links":{"self":[{"href":"https:\/\/awo-koenigswinter.de\/index.php?rest_route=\/wp\/v2\/pages\/853","targetHints":{"allow":["GET"]}}],"collection":[{"href":"https:\/\/awo-koenigswinter.de\/index.php?rest_route=\/wp\/v2\/pages"}],"about":[{"href":"https:\/\/awo-koenigswinter.de\/index.php?rest_route=\/wp\/v2\/types\/page"}],"author":[{"embeddable":true,"href":"https:\/\/awo-koenigswinter.de\/index.php?rest_route=\/wp\/v2\/users\/1"}],"replies":[{"embeddable":true,"href":"https:\/\/awo-koenigswinter.de\/index.php?rest_route=%2Fwp%2Fv2%2Fcomments&post=853"}],"version-history":[{"count":5,"href":"https:\/\/awo-koenigswinter.de\/index.php?rest_route=\/wp\/v2\/pages\/853\/revisions"}],"predecessor-version":[{"id":890,"href":"https:\/\/awo-koenigswinter.de\/index.php?rest_route=\/wp\/v2\/pages\/853\/revisions\/890"}],"up":[{"embeddable":true,"href":"https:\/\/awo-koenigswinter.de\/index.php?rest_route=\/wp\/v2\/pages\/39"}],"wp:attachment":[{"href":"https:\/\/awo-koenigswinter.de\/index.php?rest_route=%2Fwp%2Fv2%2Fmedia&parent=853"}],"curies":[{"name":"wp","href":"https:\/\/api.w.org\/{rel}","templated":true}]}}