{"id":825,"date":"2019-12-17T16:36:31","date_gmt":"2019-12-17T16:36:31","guid":{"rendered":"http:\/\/awo-koenigswinter.de\/?page_id=825"},"modified":"2022-11-17T16:00:36","modified_gmt":"2022-11-17T16:00:36","slug":"rueckblick-2020","status":"publish","type":"page","link":"https:\/\/awo-koenigswinter.de\/?page_id=825","title":{"rendered":"R\u00fcckblick 2020"},"content":{"rendered":"<p>&nbsp;<\/p>\n<p><strong>Gutschein-Aktion f\u00fcr die Tafelkunden<\/strong><\/p>\n<p>Wer bisher die Lebensmittel w\u00f6chentlich von der Tafel der Arbeiterwohlfahrt in K\u00f6nigswinter erhielt, wird um Ostern herum einen Gutschein in der Post haben, mit dem Lebensmittel eingekauft werden k\u00f6nnen. Das haben die Evangelische Kirchengemeinde Oberkassel-Dollendorf und die Evangelische Kirchengemeinde K\u00f6nigswinter, die AWO K\u00f6nigswinter und das Sozialamt der Stadt K\u00f6nigswinter vereinbart.<\/p>\n<p>Nachdem die Tafel der Arbeiterwohlfahrt in K\u00f6nigswinter wegen der Corona-Krise schlie\u00dfen musste, haben sowohl die Evangelische Kirche als auch die AWO \u00fcberlegt, wie man denjenigen helfen kann, die bisher auf die Tafel angewiesen waren. Insgesamt 295 Personen sind davon betroffen. Maren Stauber-Damann hatte zun\u00e4chst die Idee, Lebensmittel-Pakete zu packen und den Betroffenen zu \u00fcberreichen. Dies kam nicht nur wegen der aktuellen Schutzbestimmungen, sondern auch wegen des Datenschutzes nicht infrage.<\/p>\n<p>Der Versand von Gutscheinen erwies sich als gute L\u00f6sung. Die AWO K\u00f6nigswinter war mit im Boot und sagte sofort zu, einen gr\u00f6\u00dferen Geldbetrag zur Verf\u00fcgung zu stellen. AWO-Vorsitzende Hannelore Sander: &#8222;Die Bezieher der Grundsicherung werden von den staatlichen Soforthilfen vergessen. Sie leiden unter den Preiserh\u00f6hungen f\u00fcr Grundnahrungsmittel am meisten. Ein Gutschein gleicht das zwar nicht aus, aber es ist eine notwendige Geste, um zu zeigen, dass diese Gruppe nicht vergessen wird.&#8220;<\/p>\n<p>Maren Stauber-Damann, Iris Hanusch, Ute Bott und Monika Lawrenz haben mit Unterst\u00fctzung von Frau Sander und dem Sozialamt der Stadt K\u00f6nigswinter innerhalb weniger Tage eine Spendenaktion ins Leben gerufen, die ihresgleichen sucht. &#8222;Es war unglaublich, wieviel Geld in kurzer Zeit zusammen gekommen ist. Wir freuen uns sehr \u00fcber die Spenden der AWO, der Kirchengemeinden, der Kleiderstuben beider Kirchengemeinden und die vielen privaten Spenden\u201c. Den Spendentopf hat das Sozialamt der Stadt K\u00f6nigswinter noch einmal um 700 \u20ac aufgestockt. &#8220;<\/p>\n<p>F\u00fcr die K\u00f6nigswinterer verschickt das Sozialamt die Gutscheine. Die Oberkasseler Menschen erhalten sie von der Evangelischen Kirchengemeinde Oberkassel. Eine gelungene Kooperation.<\/p>\n<p>___________________________________________________________________________________________________________________________________<\/p>\n<p>&nbsp;<\/p>\n<h2>Mundschutzmasken f\u00fcr Fl\u00fcchtlinge und Obdachlose<\/h2>\n<p>Mundschutzmasken f\u00fcr die Bewohner der Fl\u00fcchtlingsheime und des Obdachlosenheims in K\u00f6nigswinter hat die AWO K\u00f6nigswinter gen\u00e4ht. Da die Bewohner dieser Unterk\u00fcnfte auf engem Raum zusammenleben, ist an die Einhaltung von Abstandsregeln nicht zu denken. Au\u00dferdem wurden die N\u00e4hmaschinen aus dem N\u00e4hcaf\u00e9, das die AWO mit betreibt, an gefl\u00fcchtete Frauen ausgeliehen. Sie n\u00e4hten ihrerseits solche Masken in gro\u00dfer Zahl f\u00fcr die gefl\u00fcchteten Heimbewohner.<\/p>\n<p><img loading=\"lazy\" decoding=\"async\" class=\"alignnone wp-image-901 size-medium\" src=\"http:\/\/awo-koenigswinter.de\/wp-content\/uploads\/2020\/04\/Corona-Mundschutz-Aktion-300x175.jpg\" alt=\"\" width=\"300\" height=\"175\" srcset=\"https:\/\/awo-koenigswinter.de\/wp-content\/uploads\/2020\/04\/Corona-Mundschutz-Aktion-300x175.jpg 300w, https:\/\/awo-koenigswinter.de\/wp-content\/uploads\/2020\/04\/Corona-Mundschutz-Aktion-1024x597.jpg 1024w, https:\/\/awo-koenigswinter.de\/wp-content\/uploads\/2020\/04\/Corona-Mundschutz-Aktion-768x448.jpg 768w, https:\/\/awo-koenigswinter.de\/wp-content\/uploads\/2020\/04\/Corona-Mundschutz-Aktion-1536x896.jpg 1536w, https:\/\/awo-koenigswinter.de\/wp-content\/uploads\/2020\/04\/Corona-Mundschutz-Aktion-2048x1195.jpg 2048w\" sizes=\"auto, (max-width: 300px) 100vw, 300px\" \/><\/p>\n<p>&nbsp;<\/p>\n<p>_________________________________________________________________________________________________________________________________<\/p>\n<p>&nbsp;<\/p>\n<p><img loading=\"lazy\" decoding=\"async\" class=\"alignnone wp-image-879 size-full\" src=\"http:\/\/awo-koenigswinter.de\/wp-content\/uploads\/2020\/02\/Awo-Alaaf-2020.jpg\" alt=\"\" width=\"1487\" height=\"375\" srcset=\"https:\/\/awo-koenigswinter.de\/wp-content\/uploads\/2020\/02\/Awo-Alaaf-2020.jpg 1487w, https:\/\/awo-koenigswinter.de\/wp-content\/uploads\/2020\/02\/Awo-Alaaf-2020-300x76.jpg 300w, https:\/\/awo-koenigswinter.de\/wp-content\/uploads\/2020\/02\/Awo-Alaaf-2020-1024x258.jpg 1024w, https:\/\/awo-koenigswinter.de\/wp-content\/uploads\/2020\/02\/Awo-Alaaf-2020-768x194.jpg 768w\" sizes=\"auto, (max-width: 1487px) 100vw, 1487px\" \/><\/p>\n<p>Unter dem Motto &#8222;AWO alaaf&#8220; startete in diesem Jahr die Rosenmontagsparty der Arbeiterwohlfahrt K\u00f6nigswinter.<\/p>\n<p>Am 24. Februar wurde ab 13 Uhr im AWO-Treff in Niederdollendorf, Hauptstra\u00dfe 109 gefeiert und gemeinsam der Karnevalszug angesehen.<\/p>\n<p>_______________________________________________________________________________________________________________________________<\/p>\n<p><strong>Erfolgreiches Jahr f\u00fcr die AWO<\/strong><\/p>\n<p>Guten Zuspruch erhielt die Arbeiterwohlfahrt K\u00f6nigswinter im vergangenen Jahr. Anl\u00e4sslich ihres Neujahrsbrunchs, das die AWO f\u00fcr ihre ehrenamtlichen Mitstreiter gibt, wies AWO-Vorstizende Hannelore Sander auf die positive Mitgliederentwicklung des Vereins hin. Au\u00dferdem werden die neuen Angebote im AWO-Treff wie die w\u00f6chentlich stattfindende Stuhlgymnastik, der Politische Gespr\u00e4chskreis und der Literaturkreis viel genutzt. Ausgebucht waren die Seniorenreisen sowohl bei den Tagesausfl\u00fcgen als auch bei den beiden Wochenfahrten nach Mittenwald und nach Schleswig-Holstein. Sehr viel Freude bereitet au\u00dferdem das N\u00e4hcaf\u00e9 f\u00fcr gefl\u00fcchtete und einheimische Frauen, das die AWO gemeinsam mit den Kirchen schon im dritten Jahr erfolgreich organisiert.<\/p>\n<p>&nbsp;<\/p>\n<p><img loading=\"lazy\" decoding=\"async\" class=\"alignnone wp-image-848 size-large\" src=\"http:\/\/awo-koenigswinter.de\/wp-content\/uploads\/2020\/02\/AWO-Neujahrsbrunch-2020-1024x571.jpg\" alt=\"\" width=\"1024\" height=\"571\" srcset=\"https:\/\/awo-koenigswinter.de\/wp-content\/uploads\/2020\/02\/AWO-Neujahrsbrunch-2020-1024x571.jpg 1024w, https:\/\/awo-koenigswinter.de\/wp-content\/uploads\/2020\/02\/AWO-Neujahrsbrunch-2020-300x167.jpg 300w, https:\/\/awo-koenigswinter.de\/wp-content\/uploads\/2020\/02\/AWO-Neujahrsbrunch-2020-768x428.jpg 768w, https:\/\/awo-koenigswinter.de\/wp-content\/uploads\/2020\/02\/AWO-Neujahrsbrunch-2020-1536x857.jpg 1536w, https:\/\/awo-koenigswinter.de\/wp-content\/uploads\/2020\/02\/AWO-Neujahrsbrunch-2020-2048x1142.jpg 2048w\" sizes=\"auto, (max-width: 1024px) 100vw, 1024px\" \/><\/p>\n<p>______________________________________________________________________________________________________________________________<\/p>\n<p>&nbsp;<\/p>\n","protected":false},"excerpt":{"rendered":"<p>&nbsp; Gutschein-Aktion f\u00fcr die Tafelkunden Wer bisher die Lebensmittel w\u00f6chentlich von der Tafel der Arbeiterwohlfahrt in K\u00f6nigswinter erhielt, wird um Ostern herum einen Gutschein in der Post haben, mit dem Lebensmittel eingekauft werden k\u00f6nnen. Das haben die Evangelische Kirchengemeinde Oberkassel-Dollendorf <span class=\"excerpt-dots\">&hellip;<\/span> <a class=\"more-link\" href=\"https:\/\/awo-koenigswinter.de\/?page_id=825\"><span class=\"more-msg\">Weiterlesen &rarr;<\/span><\/a><\/p>\n","protected":false},"author":1,"featured_media":0,"parent":27,"menu_order":16,"comment_status":"closed","ping_status":"closed","template":"","meta":{"footnotes":""},"class_list":["post-825","page","type-page","status-publish","hentry"],"_links":{"self":[{"href":"https:\/\/awo-koenigswinter.de\/index.php?rest_route=\/wp\/v2\/pages\/825","targetHints":{"allow":["GET"]}}],"collection":[{"href":"https:\/\/awo-koenigswinter.de\/index.php?rest_route=\/wp\/v2\/pages"}],"about":[{"href":"https:\/\/awo-koenigswinter.de\/index.php?rest_route=\/wp\/v2\/types\/page"}],"author":[{"embeddable":true,"href":"https:\/\/awo-koenigswinter.de\/index.php?rest_route=\/wp\/v2\/users\/1"}],"replies":[{"embeddable":true,"href":"https:\/\/awo-koenigswinter.de\/index.php?rest_route=%2Fwp%2Fv2%2Fcomments&post=825"}],"version-history":[{"count":10,"href":"https:\/\/awo-koenigswinter.de\/index.php?rest_route=\/wp\/v2\/pages\/825\/revisions"}],"predecessor-version":[{"id":913,"href":"https:\/\/awo-koenigswinter.de\/index.php?rest_route=\/wp\/v2\/pages\/825\/revisions\/913"}],"up":[{"embeddable":true,"href":"https:\/\/awo-koenigswinter.de\/index.php?rest_route=\/wp\/v2\/pages\/27"}],"wp:attachment":[{"href":"https:\/\/awo-koenigswinter.de\/index.php?rest_route=%2Fwp%2Fv2%2Fmedia&parent=825"}],"curies":[{"name":"wp","href":"https:\/\/api.w.org\/{rel}","templated":true}]}}