{"id":729,"date":"2019-05-05T11:57:17","date_gmt":"2019-05-05T11:57:17","guid":{"rendered":"http:\/\/awo-koenigswinter.de\/?page_id=729"},"modified":"2022-11-17T15:57:45","modified_gmt":"2022-11-17T15:57:45","slug":"rueckblick-2019","status":"publish","type":"page","link":"https:\/\/awo-koenigswinter.de\/?page_id=729","title":{"rendered":"R\u00fcckblick 2019"},"content":{"rendered":"<p>&nbsp;<\/p>\n<p>&nbsp;<\/p>\n<p><strong>AWO erkundete Schleswig-Holstein<\/strong><\/p>\n<p>Viel Neues entdeckte die AWO K\u00f6nigswinter bei ihrer Fahrt durch Schleswig-Holstein. Mit 40 Teilnehmern besuchte sie die Weltkulturerbe-St\u00e4tte Haithabu, eines der modernsten arch\u00e4ologischen Ausstellungen Europas. Hier konnte das Leben der Wikinger, insbesondere im fr\u00fcher zu D\u00e4nemark geh\u00f6renden Schleswig-Holstein nachempfunden werden. Eine interessante Begegnung: Eine Mutter lebte mit ihrem Sohn f\u00fcr eine Woche in einem der Wikingerh\u00e4user genauso wie einst die Wikinger.<\/p>\n<p>Ein weiteres Ziel war Schleswig mit seinem Dom aus dem 12. Jahrhundert und seiner reizvollen Altstadt an der Schlei. Ein weiteres interessantes Ziel war L\u00fcbeck. Das Holstentor, das Rathaus, der Hafen, das Buddenbrook-Haus und die \u201eSchiffergesellschaft\u201c waren imposante Denkm\u00e4ler der einst m\u00e4chtigen Hanse. Auch die H\u00fcxstra\u00dfe mit seinen kleinen Szenegesch\u00e4ften fand bei modebewussten Damen Gefallen. Schlie\u00dflich war der Besuch im Caf\u00e9 Niederegger ein \u201eMuss\u201c, verbunden mit einem Gang durch das Marzipan-Museum.<\/p>\n<p>Die ausgiebige Schiffsfahrt auf dem Pl\u00f6ner See und das deftige Mittagessen auf der Prinzeninsel, die eigentlich keine Insel, sondern nur eine Landzunge ist, fanden bei strahlender Sonne statt. \u00dcberraschungen hielt das Adelige Kloster in Preetz\u00a0 bereit. Von Benediktinerinnen spartanisch 1216 gegr\u00fcndet, erfuhr es nach der Reformation eine Entwicklung zu Prunk und Pracht wie eine katholische Barockkirche.<\/p>\n<p>Auf der anderen Seite Schleswig-Holsteins an der Nordsee im Westen konnte die Gruppe das raue und nasse Klima dieser Region kennenlernen. In B\u00fcsum nutzten einige daraufhin den Sommerschlussverkauf und kleideten sich mit warmen Jacken ein. Entt\u00e4uschend war, dass das Nordseebad B\u00fcsum \u00fcberhaupt keinen Sandstrand kannte, sondern die Strandk\u00f6rbe auf gefliesten Stufen standen. Trotzdem tat das der guten Laune keinen Abbruch. Ein schmackhaftes Krabbenbrot machte die negativen Aspekte des Besuchs in B\u00fcsum wieder wett.<\/p>\n<p>Besonderen Anklang fand das Hotel Seeblick am Einfelder See. Es war ausgesprochen komfortabel und bot einen hinrei\u00dfenden Ausblick auf den See. Durch ein Sponsoring des Hotels genoss die AWO neben der selbst engagierten S\u00e4ngerin f\u00fcr ihren Bunten Abend einen zweiten Bunten Abend mit einem Alleinunterhalter.<\/p>\n<p>Margitta Horn, die mit dem Akkordeon viel Stimmung in den letzten Abend brachte, hatte ein Liederheft dabei und lud zu gemeinsamem Singen ein. Dass die Hotelchefin Tanja Engel uns mit dem Akkordeon vor der Busabfahrt am fr\u00fchen Morgen Abschiedslieder spielte, machte den Aufenthalt zu einem ungew\u00f6hnlich gef\u00fchlvollen Erlebnis.<\/p>\n<p><img loading=\"lazy\" decoding=\"async\" class=\"alignnone size-medium wp-image-790\" src=\"http:\/\/awo-koenigswinter.de\/wp-content\/uploads\/2019\/08\/WP_20190816_15_39_40_Pro-300x169.jpg\" alt=\"\" width=\"300\" height=\"169\" srcset=\"https:\/\/awo-koenigswinter.de\/wp-content\/uploads\/2019\/08\/WP_20190816_15_39_40_Pro-300x169.jpg 300w, https:\/\/awo-koenigswinter.de\/wp-content\/uploads\/2019\/08\/WP_20190816_15_39_40_Pro-768x433.jpg 768w, https:\/\/awo-koenigswinter.de\/wp-content\/uploads\/2019\/08\/WP_20190816_15_39_40_Pro-1024x577.jpg 1024w\" sizes=\"auto, (max-width: 300px) 100vw, 300px\" \/> <img loading=\"lazy\" decoding=\"async\" class=\"alignnone size-medium wp-image-789\" src=\"http:\/\/awo-koenigswinter.de\/wp-content\/uploads\/2019\/08\/WP_20190815_11_27_01_Pro-300x169.jpg\" alt=\"\" width=\"300\" height=\"169\" srcset=\"https:\/\/awo-koenigswinter.de\/wp-content\/uploads\/2019\/08\/WP_20190815_11_27_01_Pro-300x169.jpg 300w, https:\/\/awo-koenigswinter.de\/wp-content\/uploads\/2019\/08\/WP_20190815_11_27_01_Pro-768x433.jpg 768w, https:\/\/awo-koenigswinter.de\/wp-content\/uploads\/2019\/08\/WP_20190815_11_27_01_Pro-1024x577.jpg 1024w\" sizes=\"auto, (max-width: 300px) 100vw, 300px\" \/> <img loading=\"lazy\" decoding=\"async\" class=\"alignnone size-medium wp-image-788\" src=\"http:\/\/awo-koenigswinter.de\/wp-content\/uploads\/2019\/08\/WP_20190814_11_41_16_Pro-300x169.jpg\" alt=\"\" width=\"300\" height=\"169\" srcset=\"https:\/\/awo-koenigswinter.de\/wp-content\/uploads\/2019\/08\/WP_20190814_11_41_16_Pro-300x169.jpg 300w, https:\/\/awo-koenigswinter.de\/wp-content\/uploads\/2019\/08\/WP_20190814_11_41_16_Pro-768x433.jpg 768w, https:\/\/awo-koenigswinter.de\/wp-content\/uploads\/2019\/08\/WP_20190814_11_41_16_Pro-1024x577.jpg 1024w\" sizes=\"auto, (max-width: 300px) 100vw, 300px\" \/><\/p>\n<p><img loading=\"lazy\" decoding=\"async\" class=\"size-medium wp-image-786\" src=\"http:\/\/awo-koenigswinter.de\/wp-content\/uploads\/2019\/08\/IMG_20190815_113404-225x300.jpg\" alt=\"\" width=\"225\" height=\"300\" srcset=\"https:\/\/awo-koenigswinter.de\/wp-content\/uploads\/2019\/08\/IMG_20190815_113404-225x300.jpg 225w, https:\/\/awo-koenigswinter.de\/wp-content\/uploads\/2019\/08\/IMG_20190815_113404-768x1024.jpg 768w\" sizes=\"auto, (max-width: 225px) 100vw, 225px\" \/>\u00a0 <img loading=\"lazy\" decoding=\"async\" class=\"size-medium wp-image-785\" src=\"http:\/\/awo-koenigswinter.de\/wp-content\/uploads\/2019\/08\/IMG_20190813_165610-300x225.jpg\" alt=\"\" width=\"300\" height=\"225\" srcset=\"https:\/\/awo-koenigswinter.de\/wp-content\/uploads\/2019\/08\/IMG_20190813_165610-300x225.jpg 300w, https:\/\/awo-koenigswinter.de\/wp-content\/uploads\/2019\/08\/IMG_20190813_165610-768x576.jpg 768w, https:\/\/awo-koenigswinter.de\/wp-content\/uploads\/2019\/08\/IMG_20190813_165610-1024x768.jpg 1024w\" sizes=\"auto, (max-width: 300px) 100vw, 300px\" \/> <img loading=\"lazy\" decoding=\"async\" class=\"size-medium wp-image-784\" src=\"http:\/\/awo-koenigswinter.de\/wp-content\/uploads\/2019\/08\/IMG_20190813_112444_BURST001_COVER-300x225.jpg\" alt=\"\" width=\"300\" height=\"225\" srcset=\"https:\/\/awo-koenigswinter.de\/wp-content\/uploads\/2019\/08\/IMG_20190813_112444_BURST001_COVER-300x225.jpg 300w, https:\/\/awo-koenigswinter.de\/wp-content\/uploads\/2019\/08\/IMG_20190813_112444_BURST001_COVER-768x576.jpg 768w, https:\/\/awo-koenigswinter.de\/wp-content\/uploads\/2019\/08\/IMG_20190813_112444_BURST001_COVER-1024x768.jpg 1024w\" sizes=\"auto, (max-width: 300px) 100vw, 300px\" \/><\/p>\n<p><img loading=\"lazy\" decoding=\"async\" class=\"alignnone size-medium wp-image-791\" src=\"http:\/\/awo-koenigswinter.de\/wp-content\/uploads\/2019\/08\/IMG-20190817-WA0001-225x300.jpg\" alt=\"\" width=\"225\" height=\"300\" srcset=\"https:\/\/awo-koenigswinter.de\/wp-content\/uploads\/2019\/08\/IMG-20190817-WA0001-225x300.jpg 225w, https:\/\/awo-koenigswinter.de\/wp-content\/uploads\/2019\/08\/IMG-20190817-WA0001-768x1024.jpg 768w, https:\/\/awo-koenigswinter.de\/wp-content\/uploads\/2019\/08\/IMG-20190817-WA0001.jpg 1200w\" sizes=\"auto, (max-width: 225px) 100vw, 225px\" \/>\u00a0 <img loading=\"lazy\" decoding=\"async\" class=\"size-medium wp-image-787 alignnone\" src=\"http:\/\/awo-koenigswinter.de\/wp-content\/uploads\/2019\/08\/IMG-20190817-WA0002-225x300.jpg\" alt=\"\" width=\"225\" height=\"300\" srcset=\"https:\/\/awo-koenigswinter.de\/wp-content\/uploads\/2019\/08\/IMG-20190817-WA0002-225x300.jpg 225w, https:\/\/awo-koenigswinter.de\/wp-content\/uploads\/2019\/08\/IMG-20190817-WA0002-768x1024.jpg 768w, https:\/\/awo-koenigswinter.de\/wp-content\/uploads\/2019\/08\/IMG-20190817-WA0002.jpg 1200w\" sizes=\"auto, (max-width: 225px) 100vw, 225px\" \/><\/p>\n<p>&nbsp;<\/p>\n<p>___________________________________________________________________________________________________________________________________<\/p>\n<p>&nbsp;<\/p>\n<p><img loading=\"lazy\" decoding=\"async\" class=\"alignleft wp-image-721 size-medium\" src=\"http:\/\/awo-koenigswinter.de\/wp-content\/uploads\/2019\/05\/Innsbruck-2019-300x199.jpg\" alt=\"\" width=\"300\" height=\"199\" srcset=\"https:\/\/awo-koenigswinter.de\/wp-content\/uploads\/2019\/05\/Innsbruck-2019-300x199.jpg 300w, https:\/\/awo-koenigswinter.de\/wp-content\/uploads\/2019\/05\/Innsbruck-2019-768x509.jpg 768w, https:\/\/awo-koenigswinter.de\/wp-content\/uploads\/2019\/05\/Innsbruck-2019-1024x678.jpg 1024w\" sizes=\"auto, (max-width: 300px) 100vw, 300px\" \/><\/p>\n<p><img loading=\"lazy\" decoding=\"async\" class=\"alignright wp-image-723 size-medium\" src=\"http:\/\/awo-koenigswinter.de\/wp-content\/uploads\/2019\/05\/Swarowsky-2019-225x300.jpg\" alt=\"\" width=\"225\" height=\"300\" srcset=\"https:\/\/awo-koenigswinter.de\/wp-content\/uploads\/2019\/05\/Swarowsky-2019-225x300.jpg 225w, https:\/\/awo-koenigswinter.de\/wp-content\/uploads\/2019\/05\/Swarowsky-2019-768x1024.jpg 768w\" sizes=\"auto, (max-width: 225px) 100vw, 225px\" \/><\/p>\n<p><img loading=\"lazy\" decoding=\"async\" class=\"wp-image-722 size-medium alignleft\" src=\"http:\/\/awo-koenigswinter.de\/wp-content\/uploads\/2019\/05\/Mittenwald-2019-225x300.jpg\" alt=\"\" width=\"225\" height=\"300\" srcset=\"https:\/\/awo-koenigswinter.de\/wp-content\/uploads\/2019\/05\/Mittenwald-2019-225x300.jpg 225w, https:\/\/awo-koenigswinter.de\/wp-content\/uploads\/2019\/05\/Mittenwald-2019-768x1024.jpg 768w\" sizes=\"auto, (max-width: 225px) 100vw, 225px\" \/><\/p>\n<p>&nbsp;<\/p>\n<p>&nbsp;<\/p>\n<p>&nbsp;<\/p>\n<p>&nbsp;<\/p>\n<p>&nbsp;<\/p>\n<p>&nbsp;<\/p>\n<p>&nbsp;<\/p>\n<p>&nbsp;<\/p>\n<p>&nbsp;<\/p>\n<p><b>AWO-Reise mit allen Wetterlagen<\/b><\/p>\n<p><b><\/b>Die AWO-Reise nach Mittenwald und \u00d6sterreich fand von hochsommerlichen Temperaturen in \u00d6sterreich bis zu Schneef\u00e4llen in Mittenwald in allen Wetterlagen statt. Die Reisegruppe besuchte unter Leitung von Ulrike Ries die historische Altstadt von Innsbruck mit dem Goldenen Dachl (s. Foto), die Swarovski-Kristallwelten in Wattens und unternahm Touren um das Karwendelgebirge und den Wetterstein. Bewundert wurden die seltenen L\u00fcftlmalereien an den H\u00e4usern Mittenwalds aus dem 15. Jahrhundert. W\u00e4hrend einer Abendveranstaltung in Mittenwald wurden drei Jubilarinnen nachtr\u00e4glich geehrt, die an ihren runden Geburtstagen verreist waren: Waltraud Kunert zum 90. Geburtstag und Gerda Ludwig und Emmi Dahm zu ihrem 80. Geburtstag. Alle drei sind langj\u00e4hrige Mitglieder der Arbeiterwohlfahrt und nehmen seit vielen Jahren an den Tages- und Wochenfahrten der AWO teil.<\/p>\n<p>___________________________________________________________________________________________________________________________________<\/p>\n<p><strong>Karl der Gro\u00dfe und die Printen<\/strong><\/p>\n<p>Das Schwerpunktthema Karl der Gro\u00dfe stand im Mittelpunkt einer F\u00fchrung durch die Aachener Innenstadt, die rund 50 Teilnehmer\/innen einer AWO-Fahrt am 23. M\u00e4rz 2019 mitmachten. Vom Dom bis zum Elisenbrunnen gab es Beispiele f\u00fcr das Leben und Wirken des Herrschers. Anschlie\u00dfend gab es ebenfalls einen geschichtlichen Exkurs \u00fcber die Entstehung der Aachener Printen. Die AWO-Gruppe wurde \u00fcber die Backmethoden der verschiedenen Sorten informiert und nahmen an einer gro\u00dfz\u00fcgigen Verkostung teil.<\/p>\n<p><img loading=\"lazy\" decoding=\"async\" class=\"alignnone size-medium wp-image-713\" src=\"http:\/\/awo-koenigswinter.de\/wp-content\/uploads\/2019\/03\/Aachen2-2019-1-300x169.jpg\" alt=\"\" width=\"300\" height=\"169\" srcset=\"https:\/\/awo-koenigswinter.de\/wp-content\/uploads\/2019\/03\/Aachen2-2019-1-300x169.jpg 300w, https:\/\/awo-koenigswinter.de\/wp-content\/uploads\/2019\/03\/Aachen2-2019-1-768x433.jpg 768w, https:\/\/awo-koenigswinter.de\/wp-content\/uploads\/2019\/03\/Aachen2-2019-1-1024x577.jpg 1024w\" sizes=\"auto, (max-width: 300px) 100vw, 300px\" \/> <img loading=\"lazy\" decoding=\"async\" class=\"size-medium wp-image-711 alignnone\" src=\"http:\/\/awo-koenigswinter.de\/wp-content\/uploads\/2019\/03\/Aachen-2019-300x169.jpg\" alt=\"\" width=\"300\" height=\"169\" srcset=\"https:\/\/awo-koenigswinter.de\/wp-content\/uploads\/2019\/03\/Aachen-2019-300x169.jpg 300w, https:\/\/awo-koenigswinter.de\/wp-content\/uploads\/2019\/03\/Aachen-2019-768x433.jpg 768w, https:\/\/awo-koenigswinter.de\/wp-content\/uploads\/2019\/03\/Aachen-2019-1024x577.jpg 1024w\" sizes=\"auto, (max-width: 300px) 100vw, 300px\" \/><\/p>\n","protected":false},"excerpt":{"rendered":"<p>&nbsp; &nbsp; AWO erkundete Schleswig-Holstein Viel Neues entdeckte die AWO K\u00f6nigswinter bei ihrer Fahrt durch Schleswig-Holstein. Mit 40 Teilnehmern besuchte sie die Weltkulturerbe-St\u00e4tte Haithabu, eines der modernsten arch\u00e4ologischen Ausstellungen Europas. Hier konnte das Leben der Wikinger, insbesondere im fr\u00fcher zu <span class=\"excerpt-dots\">&hellip;<\/span> <a class=\"more-link\" href=\"https:\/\/awo-koenigswinter.de\/?page_id=729\"><span class=\"more-msg\">Weiterlesen &rarr;<\/span><\/a><\/p>\n","protected":false},"author":1,"featured_media":0,"parent":34,"menu_order":17,"comment_status":"closed","ping_status":"closed","template":"","meta":{"footnotes":""},"class_list":["post-729","page","type-page","status-publish","hentry"],"_links":{"self":[{"href":"https:\/\/awo-koenigswinter.de\/index.php?rest_route=\/wp\/v2\/pages\/729","targetHints":{"allow":["GET"]}}],"collection":[{"href":"https:\/\/awo-koenigswinter.de\/index.php?rest_route=\/wp\/v2\/pages"}],"about":[{"href":"https:\/\/awo-koenigswinter.de\/index.php?rest_route=\/wp\/v2\/types\/page"}],"author":[{"embeddable":true,"href":"https:\/\/awo-koenigswinter.de\/index.php?rest_route=\/wp\/v2\/users\/1"}],"replies":[{"embeddable":true,"href":"https:\/\/awo-koenigswinter.de\/index.php?rest_route=%2Fwp%2Fv2%2Fcomments&post=729"}],"version-history":[{"count":6,"href":"https:\/\/awo-koenigswinter.de\/index.php?rest_route=\/wp\/v2\/pages\/729\/revisions"}],"predecessor-version":[{"id":812,"href":"https:\/\/awo-koenigswinter.de\/index.php?rest_route=\/wp\/v2\/pages\/729\/revisions\/812"}],"up":[{"embeddable":true,"href":"https:\/\/awo-koenigswinter.de\/index.php?rest_route=\/wp\/v2\/pages\/34"}],"wp:attachment":[{"href":"https:\/\/awo-koenigswinter.de\/index.php?rest_route=%2Fwp%2Fv2%2Fmedia&parent=729"}],"curies":[{"name":"wp","href":"https:\/\/api.w.org\/{rel}","templated":true}]}}