{"id":5,"date":"2016-02-27T14:11:50","date_gmt":"2016-02-27T14:11:50","guid":{"rendered":"http:\/\/awo-koenigswinter.de\/?page_id=5"},"modified":"2026-01-24T09:47:10","modified_gmt":"2026-01-24T09:47:10","slug":"start","status":"publish","type":"page","link":"https:\/\/awo-koenigswinter.de\/","title":{"rendered":""},"content":{"rendered":"<p>&nbsp;<\/p>\n<p><img loading=\"lazy\" decoding=\"async\" class=\"aligncenter wp-image-1658\" src=\"https:\/\/awo-koenigswinter.de\/wp-content\/uploads\/2026\/01\/awo-programm-2026-23012026-titel-web.jpg\" alt=\"\" width=\"1024\" height=\"474\" srcset=\"https:\/\/awo-koenigswinter.de\/wp-content\/uploads\/2026\/01\/awo-programm-2026-23012026-titel-web.jpg 601w, https:\/\/awo-koenigswinter.de\/wp-content\/uploads\/2026\/01\/awo-programm-2026-23012026-titel-web-300x139.jpg 300w\" sizes=\"auto, (max-width: 1024px) 100vw, 1024px\" \/><\/p>\n<p><strong><br \/>\nHerzlich willkommen<br \/>\n<\/strong><\/p>\n<p>Sch\u00f6n, dass Sie den Weg zur AWO gefunden haben. Die Arbeiterwohlfahrt K\u00f6nigswinter will sich Ihnen vorstellen. Wir sind ein Wohlfahrtsverband, der sich vor allem um die Sorgen und N\u00f6te sozial benachteiligter Menschen k\u00fcmmert. Die AWO gibt ihnen eine Stimme in der \u00d6ffentlichkeit. Aber sie hilft auch unmittelbar. Im AWO-Treff bietet sie Kontakte und zahlreiche Angebote gegen die Einsamkeit.\u00a0 Wer seine Fremdsprachen aufpolieren, Bingo spielen oder sein Ged\u00e4chtnis trainieren will, ist im AWO-Treff gut aufgehoben. Wer gern fotografiert, trifft sich alle zwei Wochen dienstags um 10.00 Uhr im AWO-Fotoclub. Und im AWO-Laden gibt es f\u00fcr wenig Geld Kleidung, Hausrat, B\u00fccher und Kindersachen. Mit unseren Fahrten und Reisen geht es zu interessanten Ausflugszielen vor allem f\u00fcr Leute mit kleinem Geldbeutel. Aber das ist noch nicht alles.<\/p>\n<p>&nbsp;<\/p>\n<p>&nbsp;<\/p>\n","protected":false},"excerpt":{"rendered":"<p>&nbsp; Herzlich willkommen Sch\u00f6n, dass Sie den Weg zur AWO gefunden haben. Die Arbeiterwohlfahrt K\u00f6nigswinter will sich Ihnen vorstellen. Wir sind ein Wohlfahrtsverband, der sich vor allem um die Sorgen und N\u00f6te sozial benachteiligter Menschen k\u00fcmmert. Die AWO gibt ihnen <span class=\"excerpt-dots\">&hellip;<\/span> <a class=\"more-link\" href=\"https:\/\/awo-koenigswinter.de\/\"><span class=\"more-msg\">Weiterlesen &rarr;<\/span><\/a><\/p>\n","protected":false},"author":1,"featured_media":0,"parent":0,"menu_order":0,"comment_status":"closed","ping_status":"closed","template":"","meta":{"footnotes":""},"class_list":["post-5","page","type-page","status-publish","hentry"],"_links":{"self":[{"href":"https:\/\/awo-koenigswinter.de\/index.php?rest_route=\/wp\/v2\/pages\/5","targetHints":{"allow":["GET"]}}],"collection":[{"href":"https:\/\/awo-koenigswinter.de\/index.php?rest_route=\/wp\/v2\/pages"}],"about":[{"href":"https:\/\/awo-koenigswinter.de\/index.php?rest_route=\/wp\/v2\/types\/page"}],"author":[{"embeddable":true,"href":"https:\/\/awo-koenigswinter.de\/index.php?rest_route=\/wp\/v2\/users\/1"}],"replies":[{"embeddable":true,"href":"https:\/\/awo-koenigswinter.de\/index.php?rest_route=%2Fwp%2Fv2%2Fcomments&post=5"}],"version-history":[{"count":43,"href":"https:\/\/awo-koenigswinter.de\/index.php?rest_route=\/wp\/v2\/pages\/5\/revisions"}],"predecessor-version":[{"id":1661,"href":"https:\/\/awo-koenigswinter.de\/index.php?rest_route=\/wp\/v2\/pages\/5\/revisions\/1661"}],"wp:attachment":[{"href":"https:\/\/awo-koenigswinter.de\/index.php?rest_route=%2Fwp%2Fv2%2Fmedia&parent=5"}],"curies":[{"name":"wp","href":"https:\/\/api.w.org\/{rel}","templated":true}]}}