{"id":39,"date":"2016-02-29T16:23:35","date_gmt":"2016-02-29T16:23:35","guid":{"rendered":"http:\/\/awo-koenigswinter.de\/?page_id=39"},"modified":"2025-04-05T14:21:38","modified_gmt":"2025-04-05T14:21:38","slug":"ueber-uns","status":"publish","type":"page","link":"https:\/\/awo-koenigswinter.de\/?page_id=39","title":{"rendered":"\u00dcber uns"},"content":{"rendered":"<div dir=\"ltr\" data-setdir=\"false\">\n<div dir=\"ltr\" data-setdir=\"false\"><b data-olk-copy-source=\"MessageBody\">Ulrike Ries leitet die AWO kommissarisch<\/b><\/div>\n<div dir=\"ltr\" data-setdir=\"false\">Nach mehr als 12-j\u00e4hrigen Vorsitz der AWO K\u00f6nigswinter musste Hannelore Sander ihr Amt aus famili\u00e4ren Gr\u00fcnden niederlegen. Seit Anfang M\u00e4rz leitet ihre Stellvertreterin, Ulrike Ries, den AWO-Ortsverein kommissarisch bis zur regul\u00e4ren Jahreshauptversammlung.\u00a0Ulrike Ries geh\u00f6rt der AWO mehr als 50 Jahren an und ist bisher f\u00fcr die Presse-und \u00d6ffentlichkeitsarbeit sowie f\u00fcr die Organisation des N\u00e4hcaf\u00e9s f\u00fcr gefl\u00fcchtete und einheimische Frauen im Vorstand zust\u00e4ndig.<\/div>\n<div dir=\"ltr\" data-setdir=\"false\"><\/div>\n<div dir=\"ltr\" data-setdir=\"false\"><\/div>\n<div dir=\"ltr\" data-setdir=\"false\">\n<p>______________________________________________________________________________________________________________________________________<\/p>\n<\/div>\n<\/div>\n<div dir=\"ltr\" data-setdir=\"false\">\n<div dir=\"ltr\" data-setdir=\"false\">\n<div dir=\"ltr\" data-setdir=\"false\"><\/div>\n<\/div>\n<\/div>\n<p><strong>\u201eDie AWO braucht j\u00fcngere Mitglieder\u201c<\/strong><\/p>\n<p>\u201eWir m\u00fcssen j\u00fcngere Mitglieder f\u00fcr die Ziele und Werte der Arbeiterwohlfahrt begeistern\u201c, mit diesem Appell schloss die K\u00f6nigswinterer AWO-Vorsitzende Hannelore Sander ihren Rechenschaftsbericht f\u00fcr das Jahr 2021 \/ 22 auf der Jahreshauptversammlung. Das Durchschnittsalter liege bei 73, und das m\u00fcsse sich \u00e4ndern, wenn die AWO weiterhin bestehen k\u00f6nne.<\/p>\n<p>Positiv wertete sie, dass sich zwei neue Angebote etabliert h\u00e4tten: eine Sozialberatung, die am 1. und 3. Freitag im Monat stattfinde, und der Fotoclub, der sich wachsender Beliebtheit erfreue. Aber auch die traditionellen Angebote, wie Bingo, Ged\u00e4chtnistraining, Sitzgymnastik, fremdsprachliche Gespr\u00e4chskreise, die Fahrten und Reisen und der AWO-Laden tr\u00e4fen auf gro\u00dfe Nachfrage. Wichtig sei zudem, dass die Website der AWO immer aktuell gehalten werde. Frau Erika Kuneck wurde f\u00fcr die sorgf\u00e4ltige Kassenf\u00fchrung gedankt. Die Kassiererin und der AWO Vorstand wurden einstimmig entlastet.<\/p>\n<p>Nach lebhafter Diskussion \u00fcber das zuk\u00fcnftige AWO Jahr dankte die Versammlung ihrer Vorsitzenden Hannelore Sander f\u00fcr ihr unerm\u00fcdliches Engagement.<\/p>\n<p><img loading=\"lazy\" decoding=\"async\" class=\"alignnone size-medium wp-image-1099\" src=\"https:\/\/awo-koenigswinter.de\/wp-content\/uploads\/2022\/09\/AWO-Mitglieder-VS-17.9.22-300x167.jpg\" alt=\"\" width=\"300\" height=\"167\" srcset=\"https:\/\/awo-koenigswinter.de\/wp-content\/uploads\/2022\/09\/AWO-Mitglieder-VS-17.9.22-300x167.jpg 300w, https:\/\/awo-koenigswinter.de\/wp-content\/uploads\/2022\/09\/AWO-Mitglieder-VS-17.9.22-1024x571.jpg 1024w, https:\/\/awo-koenigswinter.de\/wp-content\/uploads\/2022\/09\/AWO-Mitglieder-VS-17.9.22-768x428.jpg 768w, https:\/\/awo-koenigswinter.de\/wp-content\/uploads\/2022\/09\/AWO-Mitglieder-VS-17.9.22-1536x856.jpg 1536w, https:\/\/awo-koenigswinter.de\/wp-content\/uploads\/2022\/09\/AWO-Mitglieder-VS-17.9.22-2048x1142.jpg 2048w\" sizes=\"auto, (max-width: 300px) 100vw, 300px\" \/><\/p>\n<p>Nach der Jahreshauptversammlung von links: Erika Kuneck, Sabine Krieger-Mattila, Ulrike Ries, Peter Bierbrauer, Jutta Otto und Hannelore Sander.<\/p>\n<p>Foto: Ernst Staudacher<\/p>\n<p>_________________________________________________________________________________________________________________________________<\/p>\n<p><strong>AWO K\u00f6nigswinter: Vorstand best\u00e4tigt<\/strong><\/p>\n<p>Auf ihrer letzten Jahreshauptversammlung Ende August 2021 hat die Arbeiterwohlfahrt K\u00f6nigswinter ihren bisherigen Vorstand durch Wahl best\u00e4tigt. Alte und neue Vorsitzende ist Hannelore Sander. Ihre Stellvertreterinnen sind Ulrike Ries und Sabine Krieger-Mattila, als Kassiererin wurde Erika Kuneck wiedergew\u00e4hlt. Schriftf\u00fchrer ist Peter Bierbrauer. AWO-Treff und AWO-Laden leiten Edith Kinder und Heinz Liebig. F\u00fcr die Angebote der Seniorenarbeit wurde Jutta Otto wiedergew\u00e4hlt. Sie ist nicht nur f\u00fcr die w\u00f6chentliche Sitzgymnastik zust\u00e4ndig, sondern verantwortet auch das Ged\u00e4chtnistraining. Christel Schute ist nach wie vor f\u00fcr die Mitgliederbetreuung zust\u00e4ndig, Ulrike Ries f\u00fcr Presse- und \u00d6ffentlichkeitsarbeit und Lisa Marquart f\u00fcr die Fahrten und Reisen. Als Revisoren wurden Renate Bergholz und Ernst Staudacher gew\u00e4hlt<\/p>\n<p><img loading=\"lazy\" decoding=\"async\" class=\"alignnone wp-image-989 \" src=\"https:\/\/awo-koenigswinter.de\/wp-content\/uploads\/2021\/09\/AWO-Vorstandswahl-300x173.jpg\" alt=\"\" width=\"336\" height=\"194\" srcset=\"https:\/\/awo-koenigswinter.de\/wp-content\/uploads\/2021\/09\/AWO-Vorstandswahl-300x173.jpg 300w, https:\/\/awo-koenigswinter.de\/wp-content\/uploads\/2021\/09\/AWO-Vorstandswahl-1024x589.jpg 1024w, https:\/\/awo-koenigswinter.de\/wp-content\/uploads\/2021\/09\/AWO-Vorstandswahl-768x442.jpg 768w, https:\/\/awo-koenigswinter.de\/wp-content\/uploads\/2021\/09\/AWO-Vorstandswahl-1536x883.jpg 1536w, https:\/\/awo-koenigswinter.de\/wp-content\/uploads\/2021\/09\/AWO-Vorstandswahl-2048x1178.jpg 2048w\" sizes=\"auto, (max-width: 336px) 100vw, 336px\" \/> <img loading=\"lazy\" decoding=\"async\" class=\"alignnone size-medium wp-image-984\" src=\"https:\/\/awo-koenigswinter.de\/wp-content\/uploads\/2021\/09\/AWO-28-08-21-4-300x194.jpg\" alt=\"\" width=\"300\" height=\"194\" srcset=\"https:\/\/awo-koenigswinter.de\/wp-content\/uploads\/2021\/09\/AWO-28-08-21-4-300x194.jpg 300w, https:\/\/awo-koenigswinter.de\/wp-content\/uploads\/2021\/09\/AWO-28-08-21-4-1024x661.jpg 1024w, https:\/\/awo-koenigswinter.de\/wp-content\/uploads\/2021\/09\/AWO-28-08-21-4-768x496.jpg 768w, https:\/\/awo-koenigswinter.de\/wp-content\/uploads\/2021\/09\/AWO-28-08-21-4-1536x991.jpg 1536w, https:\/\/awo-koenigswinter.de\/wp-content\/uploads\/2021\/09\/AWO-28-08-21-4-2048x1322.jpg 2048w\" sizes=\"auto, (max-width: 300px) 100vw, 300px\" \/><\/p>\n<p>Im Anschluss an die Vorstandswahlen wurde der W\u00fcrstchengrill auf der Terrasse des Clubhauses des Kanuklubs K\u00f6nigswinter angeworfen. Auf ihrem traditionellen Sommerfest genossen die Teilnehmer\/innen bei strahlender Sonne Kaffee und selbst gebackenen Kuchen.<\/p>\n<p><img loading=\"lazy\" decoding=\"async\" class=\"alignnone size-medium wp-image-988\" src=\"https:\/\/awo-koenigswinter.de\/wp-content\/uploads\/2021\/09\/AWO-28-08-21-8-300x200.jpg\" alt=\"\" width=\"300\" height=\"200\" srcset=\"https:\/\/awo-koenigswinter.de\/wp-content\/uploads\/2021\/09\/AWO-28-08-21-8-300x200.jpg 300w, https:\/\/awo-koenigswinter.de\/wp-content\/uploads\/2021\/09\/AWO-28-08-21-8-1024x683.jpg 1024w, https:\/\/awo-koenigswinter.de\/wp-content\/uploads\/2021\/09\/AWO-28-08-21-8-768x512.jpg 768w, https:\/\/awo-koenigswinter.de\/wp-content\/uploads\/2021\/09\/AWO-28-08-21-8-1536x1024.jpg 1536w, https:\/\/awo-koenigswinter.de\/wp-content\/uploads\/2021\/09\/AWO-28-08-21-8-2048x1365.jpg 2048w\" sizes=\"auto, (max-width: 300px) 100vw, 300px\" \/> <img loading=\"lazy\" decoding=\"async\" class=\"alignnone size-medium wp-image-987\" src=\"https:\/\/awo-koenigswinter.de\/wp-content\/uploads\/2021\/09\/AWO-28-08-21-7-300x202.jpg\" alt=\"\" width=\"300\" height=\"202\" srcset=\"https:\/\/awo-koenigswinter.de\/wp-content\/uploads\/2021\/09\/AWO-28-08-21-7-300x202.jpg 300w, https:\/\/awo-koenigswinter.de\/wp-content\/uploads\/2021\/09\/AWO-28-08-21-7-1024x690.jpg 1024w, https:\/\/awo-koenigswinter.de\/wp-content\/uploads\/2021\/09\/AWO-28-08-21-7-768x517.jpg 768w, https:\/\/awo-koenigswinter.de\/wp-content\/uploads\/2021\/09\/AWO-28-08-21-7-1536x1034.jpg 1536w, https:\/\/awo-koenigswinter.de\/wp-content\/uploads\/2021\/09\/AWO-28-08-21-7-2048x1379.jpg 2048w\" sizes=\"auto, (max-width: 300px) 100vw, 300px\" \/> <img loading=\"lazy\" decoding=\"async\" class=\"alignnone size-medium wp-image-982\" src=\"https:\/\/awo-koenigswinter.de\/wp-content\/uploads\/2021\/09\/AWO-28-08-21-1-300x200.jpg\" alt=\"\" width=\"300\" height=\"200\" srcset=\"https:\/\/awo-koenigswinter.de\/wp-content\/uploads\/2021\/09\/AWO-28-08-21-1-300x200.jpg 300w, https:\/\/awo-koenigswinter.de\/wp-content\/uploads\/2021\/09\/AWO-28-08-21-1-1024x683.jpg 1024w, https:\/\/awo-koenigswinter.de\/wp-content\/uploads\/2021\/09\/AWO-28-08-21-1-768x512.jpg 768w, https:\/\/awo-koenigswinter.de\/wp-content\/uploads\/2021\/09\/AWO-28-08-21-1-1536x1024.jpg 1536w, https:\/\/awo-koenigswinter.de\/wp-content\/uploads\/2021\/09\/AWO-28-08-21-1-2048x1365.jpg 2048w\" sizes=\"auto, (max-width: 300px) 100vw, 300px\" \/> <img loading=\"lazy\" decoding=\"async\" class=\"alignnone size-medium wp-image-986\" src=\"https:\/\/awo-koenigswinter.de\/wp-content\/uploads\/2021\/09\/AWO-28-08-21-6-300x217.jpg\" alt=\"\" width=\"300\" height=\"217\" srcset=\"https:\/\/awo-koenigswinter.de\/wp-content\/uploads\/2021\/09\/AWO-28-08-21-6-300x217.jpg 300w, https:\/\/awo-koenigswinter.de\/wp-content\/uploads\/2021\/09\/AWO-28-08-21-6-1024x742.jpg 1024w, https:\/\/awo-koenigswinter.de\/wp-content\/uploads\/2021\/09\/AWO-28-08-21-6-768x556.jpg 768w, https:\/\/awo-koenigswinter.de\/wp-content\/uploads\/2021\/09\/AWO-28-08-21-6-1536x1112.jpg 1536w, https:\/\/awo-koenigswinter.de\/wp-content\/uploads\/2021\/09\/AWO-28-08-21-6-2048x1483.jpg 2048w\" sizes=\"auto, (max-width: 300px) 100vw, 300px\" \/><\/p>\n<p>&nbsp;<\/p>\n<p><strong>_____________________________________________________________________________________________________________________________________________<\/strong><\/p>\n<p>&nbsp;<\/p>\n<p style=\"text-align: left;\">\n","protected":false},"excerpt":{"rendered":"<p>Ulrike Ries leitet die AWO kommissarisch Nach mehr als 12-j\u00e4hrigen Vorsitz der AWO K\u00f6nigswinter musste Hannelore Sander ihr Amt aus famili\u00e4ren Gr\u00fcnden niederlegen. Seit Anfang M\u00e4rz leitet ihre Stellvertreterin, Ulrike Ries, den AWO-Ortsverein kommissarisch bis zur regul\u00e4ren Jahreshauptversammlung.\u00a0Ulrike Ries geh\u00f6rt <span class=\"excerpt-dots\">&hellip;<\/span> <a class=\"more-link\" href=\"https:\/\/awo-koenigswinter.de\/?page_id=39\"><span class=\"more-msg\">Weiterlesen &rarr;<\/span><\/a><\/p>\n","protected":false},"author":1,"featured_media":0,"parent":0,"menu_order":7,"comment_status":"closed","ping_status":"closed","template":"","meta":{"footnotes":""},"class_list":["post-39","page","type-page","status-publish","hentry"],"_links":{"self":[{"href":"https:\/\/awo-koenigswinter.de\/index.php?rest_route=\/wp\/v2\/pages\/39","targetHints":{"allow":["GET"]}}],"collection":[{"href":"https:\/\/awo-koenigswinter.de\/index.php?rest_route=\/wp\/v2\/pages"}],"about":[{"href":"https:\/\/awo-koenigswinter.de\/index.php?rest_route=\/wp\/v2\/types\/page"}],"author":[{"embeddable":true,"href":"https:\/\/awo-koenigswinter.de\/index.php?rest_route=\/wp\/v2\/users\/1"}],"replies":[{"embeddable":true,"href":"https:\/\/awo-koenigswinter.de\/index.php?rest_route=%2Fwp%2Fv2%2Fcomments&post=39"}],"version-history":[{"count":27,"href":"https:\/\/awo-koenigswinter.de\/index.php?rest_route=\/wp\/v2\/pages\/39\/revisions"}],"predecessor-version":[{"id":1571,"href":"https:\/\/awo-koenigswinter.de\/index.php?rest_route=\/wp\/v2\/pages\/39\/revisions\/1571"}],"wp:attachment":[{"href":"https:\/\/awo-koenigswinter.de\/index.php?rest_route=%2Fwp%2Fv2%2Fmedia&parent=39"}],"curies":[{"name":"wp","href":"https:\/\/api.w.org\/{rel}","templated":true}]}}