{"id":37,"date":"2016-02-29T16:19:30","date_gmt":"2016-02-29T16:19:30","guid":{"rendered":"http:\/\/awo-koenigswinter.de\/?page_id=37"},"modified":"2025-01-28T15:26:53","modified_gmt":"2025-01-28T15:26:53","slug":"teilnahmebedingungen-fuer-reisen","status":"publish","type":"page","link":"https:\/\/awo-koenigswinter.de\/?page_id=37","title":{"rendered":"Teilnahmebedingungen f\u00fcr Reisen"},"content":{"rendered":"<header class=\"entry-header\">\n<div class=\"entry-meta\"><\/div>\n<\/header>\n<div class=\"entry-content\">\n<p><strong>Teilnahmebedingungen f\u00fcr Reisen der AWO K\u00f6nigswinter<\/strong><\/p>\n<p><strong>\u00a0<\/strong><\/p>\n<ol>\n<li>F\u00fcr die Teilnahme an den Reisen der AWO sind schriftliche Anmeldungen erforderlich. Der Anmeldebogen f\u00fcr die im laufenden Jahr stattfindenden Fahrten wird mit dem ersten Mitgliederrundbrief im Januar verschickt. Au\u00dferdem liegen Anmeldeformulare im AWO-Treff aus.<\/li>\n<li>Wer kein Mitglied der AWO ist, bezahlt f\u00fcr Tagesfahrten einen Aufschlag von 5 \u20ac und f\u00fcr Wochenfahrten 10 \u20ac pro Tag.<\/li>\n<li>Die Anmeldungen zu den Wochenfahrten werden schriftlich best\u00e4tigt. Drei Monate vor der Abreise ist eine Anzahlung von 80 \u20ac bzw. 100 \u20ac f\u00e4llig. Der Restbetrag wird zwei Wochen vor dem Reisetermin bezahlt.<\/li>\n<li>Der Reisepreis f\u00fcr die Tagesfahrten wird zwei Wochen vor Reisebeginn an das AWO-Reisekonto \u00fcberwiesen.<\/li>\n<li>Wer seine Reise zwei Wochen vor Reisebeginn storniert, erh\u00e4lt den vollen Reisepreis zur\u00fcck. Wer die Reise sp\u00e4ter storniert, erh\u00e4lt bei Tagesfahrten 10 \u20ac zur\u00fcck. Bei einer Wochenreise m\u00fcssen die personenbezogenen Kosten und der Mietanteil f\u00fcr den Bus bezahlt werden. Falls das Hotelzimmer nicht anderweitig belegt werden kann, sind auch die Kosten f\u00fcr das Hotel f\u00e4llig. Die Fristen f\u00fcr die Stornierung richten sich nach den Bedingungen des Hotels.<br \/>\n\u00dcber Erstattungen bei Wochenfahrten entscheidet der Vorstand.<\/li>\n<li>F\u00fcr Teilnehmer\/innen an den Wochenfahrten schlie\u00dft die AWO auf Wunsch eine Haftpflicht- und Unfallversicherung ab. Der Versicherungsschutz ist im Reisepreis enthalten. Eine Reiser\u00fccktrittsversicherung muss individuell abgeschlossen werden.<\/li>\n<\/ol>\n<\/div>\n","protected":false},"excerpt":{"rendered":"<p>Teilnahmebedingungen f\u00fcr Reisen der AWO K\u00f6nigswinter \u00a0 F\u00fcr die Teilnahme an den Reisen der AWO sind schriftliche Anmeldungen erforderlich. Der Anmeldebogen f\u00fcr die im laufenden Jahr stattfindenden Fahrten wird mit dem ersten Mitgliederrundbrief im Januar verschickt. Au\u00dferdem liegen Anmeldeformulare im <span class=\"excerpt-dots\">&hellip;<\/span> <a class=\"more-link\" href=\"https:\/\/awo-koenigswinter.de\/?page_id=37\"><span class=\"more-msg\">Weiterlesen &rarr;<\/span><\/a><\/p>\n","protected":false},"author":1,"featured_media":0,"parent":34,"menu_order":0,"comment_status":"closed","ping_status":"closed","template":"paget-iframe.php","meta":{"footnotes":""},"class_list":["post-37","page","type-page","status-publish","hentry"],"_links":{"self":[{"href":"https:\/\/awo-koenigswinter.de\/index.php?rest_route=\/wp\/v2\/pages\/37","targetHints":{"allow":["GET"]}}],"collection":[{"href":"https:\/\/awo-koenigswinter.de\/index.php?rest_route=\/wp\/v2\/pages"}],"about":[{"href":"https:\/\/awo-koenigswinter.de\/index.php?rest_route=\/wp\/v2\/types\/page"}],"author":[{"embeddable":true,"href":"https:\/\/awo-koenigswinter.de\/index.php?rest_route=\/wp\/v2\/users\/1"}],"replies":[{"embeddable":true,"href":"https:\/\/awo-koenigswinter.de\/index.php?rest_route=%2Fwp%2Fv2%2Fcomments&post=37"}],"version-history":[{"count":6,"href":"https:\/\/awo-koenigswinter.de\/index.php?rest_route=\/wp\/v2\/pages\/37\/revisions"}],"predecessor-version":[{"id":1490,"href":"https:\/\/awo-koenigswinter.de\/index.php?rest_route=\/wp\/v2\/pages\/37\/revisions\/1490"}],"up":[{"embeddable":true,"href":"https:\/\/awo-koenigswinter.de\/index.php?rest_route=\/wp\/v2\/pages\/34"}],"wp:attachment":[{"href":"https:\/\/awo-koenigswinter.de\/index.php?rest_route=%2Fwp%2Fv2%2Fmedia&parent=37"}],"curies":[{"name":"wp","href":"https:\/\/api.w.org\/{rel}","templated":true}]}}