{"id":23,"date":"2016-02-29T16:16:10","date_gmt":"2016-02-29T16:16:10","guid":{"rendered":"http:\/\/awo-koenigswinter.de\/?page_id=23"},"modified":"2024-11-01T17:09:14","modified_gmt":"2024-11-01T17:09:14","slug":"awo-laden","status":"publish","type":"page","link":"https:\/\/awo-koenigswinter.de\/?page_id=23","title":{"rendered":"AWO-Laden"},"content":{"rendered":"<p><strong>\u00a0<\/strong><\/p>\n<p>Jeden Dienstag und Donnerstag um 14 Uhr \u00f6ffnet der AWO-Laden in Niederdollendorf, Hauptstra\u00dfe 109.<br \/>\nBis 18 Uhr kann man preiswerte und modische Kleidung, auch f\u00fcr Kinder, Spiele und Haushaltswaren einkaufen.<\/p>\n<p>Telefon 02223-900549<\/p>\n<p>&nbsp;<\/p>\n<p><strong><img loading=\"lazy\" decoding=\"async\" class=\"alignnone wp-image-1288 size-large\" src=\"https:\/\/awo-koenigswinter.de\/wp-content\/uploads\/2023\/12\/2023-AWO-Laden-1024x678.jpg\" alt=\"\" width=\"1024\" height=\"678\" srcset=\"https:\/\/awo-koenigswinter.de\/wp-content\/uploads\/2023\/12\/2023-AWO-Laden-1024x678.jpg 1024w, https:\/\/awo-koenigswinter.de\/wp-content\/uploads\/2023\/12\/2023-AWO-Laden-300x199.jpg 300w, https:\/\/awo-koenigswinter.de\/wp-content\/uploads\/2023\/12\/2023-AWO-Laden-768x509.jpg 768w, https:\/\/awo-koenigswinter.de\/wp-content\/uploads\/2023\/12\/2023-AWO-Laden-1536x1017.jpg 1536w, https:\/\/awo-koenigswinter.de\/wp-content\/uploads\/2023\/12\/2023-AWO-Laden-2048x1356.jpg 2048w\" sizes=\"auto, (max-width: 1024px) 100vw, 1024px\" \/><\/strong><\/p>\n<p>&nbsp;<\/p>\n<p id=\"yui_3_16_0_1_1443533855353_7129\"><strong>\u00a0<\/strong><\/p>\n<p><strong>\u00a0<\/strong><\/p>\n<h4 id=\"yui_3_16_0_1_1443533855353_7129\"><\/h4>\n<p>&nbsp;<\/p>\n","protected":false},"excerpt":{"rendered":"<p>\u00a0 Jeden Dienstag und Donnerstag um 14 Uhr \u00f6ffnet der AWO-Laden in Niederdollendorf, Hauptstra\u00dfe 109. Bis 18 Uhr kann man preiswerte und modische Kleidung, auch f\u00fcr Kinder, Spiele und Haushaltswaren einkaufen. Telefon 02223-900549 &nbsp; &nbsp; \u00a0 \u00a0 &nbsp;<\/p>\n <a class=\"more-link\" href=\"https:\/\/awo-koenigswinter.de\/?page_id=23\"><span class=\"more-msg\">Weiterlesen &rarr;<\/span><\/a>","protected":false},"author":1,"featured_media":0,"parent":0,"menu_order":3,"comment_status":"closed","ping_status":"closed","template":"","meta":{"footnotes":""},"class_list":["post-23","page","type-page","status-publish","hentry"],"_links":{"self":[{"href":"https:\/\/awo-koenigswinter.de\/index.php?rest_route=\/wp\/v2\/pages\/23","targetHints":{"allow":["GET"]}}],"collection":[{"href":"https:\/\/awo-koenigswinter.de\/index.php?rest_route=\/wp\/v2\/pages"}],"about":[{"href":"https:\/\/awo-koenigswinter.de\/index.php?rest_route=\/wp\/v2\/types\/page"}],"author":[{"embeddable":true,"href":"https:\/\/awo-koenigswinter.de\/index.php?rest_route=\/wp\/v2\/users\/1"}],"replies":[{"embeddable":true,"href":"https:\/\/awo-koenigswinter.de\/index.php?rest_route=%2Fwp%2Fv2%2Fcomments&post=23"}],"version-history":[{"count":20,"href":"https:\/\/awo-koenigswinter.de\/index.php?rest_route=\/wp\/v2\/pages\/23\/revisions"}],"predecessor-version":[{"id":1453,"href":"https:\/\/awo-koenigswinter.de\/index.php?rest_route=\/wp\/v2\/pages\/23\/revisions\/1453"}],"wp:attachment":[{"href":"https:\/\/awo-koenigswinter.de\/index.php?rest_route=%2Fwp%2Fv2%2Fmedia&parent=23"}],"curies":[{"name":"wp","href":"https:\/\/api.w.org\/{rel}","templated":true}]}}