{"id":19,"date":"2016-02-29T16:01:54","date_gmt":"2016-02-29T16:01:54","guid":{"rendered":"http:\/\/awo-koenigswinter.de\/?page_id=19"},"modified":"2026-01-24T10:00:06","modified_gmt":"2026-01-24T10:00:06","slug":"awo-treff","status":"publish","type":"page","link":"https:\/\/awo-koenigswinter.de\/?page_id=19","title":{"rendered":"AWO-Treff"},"content":{"rendered":"<p>&nbsp;<\/p>\n<h2 style=\"text-align: center;\">F\u00fcr neue Freundschaften ist es nie zu sp\u00e4t.<\/h2>\n<p>&nbsp;<\/p>\n<p style=\"text-align: center;\">Sie sind herzlich eingeladen, uns im AWO-Treff zu besuchen.<br \/>\nNette Leute und vielf\u00e4ltige Gespr\u00e4chsm\u00f6glichkeiten erwarten Sie.<\/p>\n<p>&nbsp;<\/p>\n<h4><img loading=\"lazy\" decoding=\"async\" class=\"wp-image-20 aligncenter\" src=\"http:\/\/awo-koenigswinter.de\/wp-content\/uploads\/2016\/02\/AWO_Treff-Neu-300x199.jpg\" alt=\"AWO_Treff-Neu\" width=\"481\" height=\"327\" \/><\/h4>\n<p style=\"text-align: center;\">Haltestelle Oberdollendorf-Mitte der Linien 66, 520; Haltestelle Niederdollendorf F\u00e4hre Linie 541<img alt=\"\" \/><\/p>\n<p><img loading=\"lazy\" decoding=\"async\" class=\"alignnone wp-image-1662 size-full\" src=\"https:\/\/awo-koenigswinter.de\/wp-content\/uploads\/2026\/01\/tuerschild-2026-19012026-web-1.jpg\" alt=\"\" width=\"1191\" height=\"842\" srcset=\"https:\/\/awo-koenigswinter.de\/wp-content\/uploads\/2026\/01\/tuerschild-2026-19012026-web-1.jpg 1191w, https:\/\/awo-koenigswinter.de\/wp-content\/uploads\/2026\/01\/tuerschild-2026-19012026-web-1-300x212.jpg 300w, https:\/\/awo-koenigswinter.de\/wp-content\/uploads\/2026\/01\/tuerschild-2026-19012026-web-1-1024x724.jpg 1024w, https:\/\/awo-koenigswinter.de\/wp-content\/uploads\/2026\/01\/tuerschild-2026-19012026-web-1-768x543.jpg 768w\" sizes=\"auto, (max-width: 1191px) 100vw, 1191px\" \/><\/p>\n<p>&nbsp;<\/p>\n","protected":false},"excerpt":{"rendered":"<p>&nbsp; F\u00fcr neue Freundschaften ist es nie zu sp\u00e4t. &nbsp; Sie sind herzlich eingeladen, uns im AWO-Treff zu besuchen. Nette Leute und vielf\u00e4ltige Gespr\u00e4chsm\u00f6glichkeiten erwarten Sie. &nbsp; Haltestelle Oberdollendorf-Mitte der Linien 66, 520; Haltestelle Niederdollendorf F\u00e4hre Linie 541 &nbsp;<\/p>\n <a class=\"more-link\" href=\"https:\/\/awo-koenigswinter.de\/?page_id=19\"><span class=\"more-msg\">Weiterlesen &rarr;<\/span><\/a>","protected":false},"author":1,"featured_media":0,"parent":0,"menu_order":2,"comment_status":"closed","ping_status":"closed","template":"","meta":{"footnotes":""},"class_list":["post-19","page","type-page","status-publish","hentry"],"_links":{"self":[{"href":"https:\/\/awo-koenigswinter.de\/index.php?rest_route=\/wp\/v2\/pages\/19","targetHints":{"allow":["GET"]}}],"collection":[{"href":"https:\/\/awo-koenigswinter.de\/index.php?rest_route=\/wp\/v2\/pages"}],"about":[{"href":"https:\/\/awo-koenigswinter.de\/index.php?rest_route=\/wp\/v2\/types\/page"}],"author":[{"embeddable":true,"href":"https:\/\/awo-koenigswinter.de\/index.php?rest_route=\/wp\/v2\/users\/1"}],"replies":[{"embeddable":true,"href":"https:\/\/awo-koenigswinter.de\/index.php?rest_route=%2Fwp%2Fv2%2Fcomments&post=19"}],"version-history":[{"count":55,"href":"https:\/\/awo-koenigswinter.de\/index.php?rest_route=\/wp\/v2\/pages\/19\/revisions"}],"predecessor-version":[{"id":1664,"href":"https:\/\/awo-koenigswinter.de\/index.php?rest_route=\/wp\/v2\/pages\/19\/revisions\/1664"}],"wp:attachment":[{"href":"https:\/\/awo-koenigswinter.de\/index.php?rest_route=%2Fwp%2Fv2%2Fmedia&parent=19"}],"curies":[{"name":"wp","href":"https:\/\/api.w.org\/{rel}","templated":true}]}}