{"id":182,"date":"2016-06-13T16:17:23","date_gmt":"2016-06-13T16:17:23","guid":{"rendered":"http:\/\/awo-koenigswinter.de\/?page_id=182"},"modified":"2022-11-17T16:09:34","modified_gmt":"2022-11-17T16:09:34","slug":"awo-tag-2016","status":"publish","type":"page","link":"https:\/\/awo-koenigswinter.de\/?page_id=182","title":{"rendered":"R\u00fcckblick  2016"},"content":{"rendered":"<p>&nbsp;<\/p>\n<p><strong>Rheinisches Weihnachtsfest der AWO<\/strong><\/p>\n<p>Das Rheinische dominierte bei der Weihnachtsfeier der AWO K\u00f6nigswinter deutlich. So trug die Sproch- und Spilljrupp aus Niederdollendorf eine Szene \u00fcber die Volksz\u00e4hlung von Herodes vor 2016 Jahren vor, die sie nach K\u00f6ln verlegt hatte. Mit witzigen Dialogen begeisterte die Gruppe die rund 70 G\u00e4ste, die den Darstellern mit Applaus dankten. F\u00fcnf rheinische Weihnachtslieder brachten Ulrike &amp; Ernst zu Geh\u00f6r, beide bei der AWO aktiv. Nat\u00fcrlich wurden im Saal auch traditionelle Weihnachtslieder gesungen. Eine Tombola mit 50 Gewinnen, die teilweise von K\u00f6nigswinterer Gesch\u00e4ften gespendet worden waren, fand gro\u00dfen Anklang.<\/p>\n<p>Zuvor ehrte AWO-Vorsitzende Hannelore Sander langj\u00e4hrige Mitglieder der Organisation.35 Jahre ist Friedger von Auer Mitglied, 30 Jahre Dr. Gudrun Stoltenberg und 20 Jahre Thekla Woserau. F\u00fcr 15-j\u00e4hrige Mitgliedschaft erhielten Hiltrudis Voit, Sabine Krieger-Matilla, Elvira Otzipka, Roswitha und Dieter Zahn eine Ehrenurkunde.<\/p>\n<p>Vizeb\u00fcrgemeister Theodorikis dankte der AWO mit einer kleinen Geldspende der Stadt und betonte, wie wichtig ehrenamtliches Engagement gerade in der heutigen Zeit sei: &#8222;Eine Gesellschaft ohne ehrenamtliche Arbeit ist eine arme Gesellschaft.&#8220;<\/p>\n<p>Zufrieden \u00e4u\u00dferte sich Hannelore Sander: &#8222;Eine solche Feier bringt Zusammenhalt und tr\u00e4gt zur Motivation der vielen ehrenamtlichen Mitarbeiterinnen und Mitarbeiter bei. Ich glaube, das ist uns heute gelungen.&#8220;<\/p>\n<p><img loading=\"lazy\" decoding=\"async\" class=\"alignnone size-medium wp-image-342\" src=\"http:\/\/awo-koenigswinter.de\/wp-content\/uploads\/2016\/06\/Jubilare_2-300x188.jpg\" alt=\"\" width=\"300\" height=\"188\" srcset=\"https:\/\/awo-koenigswinter.de\/wp-content\/uploads\/2016\/06\/Jubilare_2-300x188.jpg 300w, https:\/\/awo-koenigswinter.de\/wp-content\/uploads\/2016\/06\/Jubilare_2-768x480.jpg 768w, https:\/\/awo-koenigswinter.de\/wp-content\/uploads\/2016\/06\/Jubilare_2-1024x640.jpg 1024w\" sizes=\"auto, (max-width: 300px) 100vw, 300px\" \/> <img loading=\"lazy\" decoding=\"async\" class=\"size-medium wp-image-343 alignleft\" src=\"http:\/\/awo-koenigswinter.de\/wp-content\/uploads\/2016\/06\/Spilljrup_2-300x204.jpg\" alt=\"\" width=\"300\" height=\"204\" srcset=\"https:\/\/awo-koenigswinter.de\/wp-content\/uploads\/2016\/06\/Spilljrup_2-300x204.jpg 300w, https:\/\/awo-koenigswinter.de\/wp-content\/uploads\/2016\/06\/Spilljrup_2-768x522.jpg 768w, https:\/\/awo-koenigswinter.de\/wp-content\/uploads\/2016\/06\/Spilljrup_2-1024x697.jpg 1024w\" sizes=\"auto, (max-width: 300px) 100vw, 300px\" \/><\/p>\n<p>1. Bild: Sproch- und Spilljrupp und Hannelore Sander (rechts). 2. Bild: Jubilare von links: Hiltrudis Voit, Sabine Krieger-Mattila und die Eheleute Zahn mit Vize-B\u00fcrgermeister Theodorikis und Hannelore Sander<\/p>\n<p>&nbsp;<\/p>\n<p><img loading=\"lazy\" decoding=\"async\" class=\"size-medium wp-image-317 alignleft\" src=\"http:\/\/awo-koenigswinter.de\/wp-content\/uploads\/2016\/08\/Advendsbasar-2016--300x199.jpg\" alt=\"advendsbasar-2016\" width=\"300\" height=\"199\" srcset=\"https:\/\/awo-koenigswinter.de\/wp-content\/uploads\/2016\/08\/Advendsbasar-2016--300x199.jpg 300w, https:\/\/awo-koenigswinter.de\/wp-content\/uploads\/2016\/08\/Advendsbasar-2016--768x509.jpg 768w, https:\/\/awo-koenigswinter.de\/wp-content\/uploads\/2016\/08\/Advendsbasar-2016--1024x678.jpg 1024w\" sizes=\"auto, (max-width: 300px) 100vw, 300px\" \/><\/p>\n<p><strong>Adventsbasar mit feinen Geschenken<\/strong><\/p>\n<p>Feine hausgemachte Marmeladen, Gelees, Lik\u00f6re und Kr\u00e4uterschn\u00e4pse geh\u00f6rten zum Angebot des Adventsbasars der AWO K\u00f6nigswinter. Au\u00dferdem konnten modische M\u00fctzen, Schals und andere Handarbeiten erworben werden. Der Adventsbasar mit Kaffee und Kuchen fand am Samstag, 26. November, von 11 bis 18 Uhr im AWO-Treff in Niederdollendorf, Hauptstra\u00dfe 109 statt. (Foto: Ries)<\/p>\n<p>&nbsp;<\/p>\n<p>&nbsp;<\/p>\n<p><img loading=\"lazy\" decoding=\"async\" class=\"size-medium wp-image-314 alignleft\" src=\"http:\/\/awo-koenigswinter.de\/wp-content\/uploads\/2016\/06\/Anke-und-J\u00f6rg-Kn\u00e4llchenfest-2016-300x199.jpg\" alt=\"anke-und-joerg-knaellchenfest-2016\" width=\"300\" height=\"199\" srcset=\"https:\/\/awo-koenigswinter.de\/wp-content\/uploads\/2016\/06\/Anke-und-J\u00f6rg-Kn\u00e4llchenfest-2016-300x199.jpg 300w, https:\/\/awo-koenigswinter.de\/wp-content\/uploads\/2016\/06\/Anke-und-J\u00f6rg-Kn\u00e4llchenfest-2016-768x509.jpg 768w, https:\/\/awo-koenigswinter.de\/wp-content\/uploads\/2016\/06\/Anke-und-J\u00f6rg-Kn\u00e4llchenfest-2016-1024x678.jpg 1024w\" sizes=\"auto, (max-width: 300px) 100vw, 300px\" \/><\/p>\n<p><strong>AWO-Fest mit Kn\u00e4llchen und Musik<\/strong><\/p>\n<p>Ein gelungenes Fest rund um die Kartoffel feierte die AWO K\u00f6nigswinter am 5. November. Es gab Kn\u00e4llchen nach drei verschiedenen Rezepten (klassisch, mit Rosinen und mit Rosinen und Backpflaumen), Reibekuchen mit Apfelmus oder R\u00fcbenkraut, rheinischen Kartoffelsalat und Folienkartoffeln mit Kr\u00e4uterquark. Trotz der K\u00e4lte waren zahlreiche G\u00e4ste gekommen. Der Gl\u00fchwein fand demzufolge rei\u00dfenden Absatz. Gut gelaunt sang die Runde mit dem Duo Anke &amp; J\u00f6rg aus Beuel (Foto) alte Schlager von den Capri-Fischern bis zur &#8222;Kleinen Konditorei&#8220; begeistert bis zum Eintritt der D\u00e4mmerung mit.<\/p>\n<p>&nbsp;<\/p>\n<p><img loading=\"lazy\" decoding=\"async\" class=\"size-medium wp-image-284 alignleft\" src=\"http:\/\/awo-koenigswinter.de\/wp-content\/uploads\/2016\/08\/Malgruppe-Ilse-Kempf-Vernissage-2016-300x199.jpg\" alt=\"malgruppe-ilse-kempf-vernissage-2016\" width=\"300\" height=\"199\" srcset=\"https:\/\/awo-koenigswinter.de\/wp-content\/uploads\/2016\/08\/Malgruppe-Ilse-Kempf-Vernissage-2016-300x199.jpg 300w, https:\/\/awo-koenigswinter.de\/wp-content\/uploads\/2016\/08\/Malgruppe-Ilse-Kempf-Vernissage-2016-768x509.jpg 768w, https:\/\/awo-koenigswinter.de\/wp-content\/uploads\/2016\/08\/Malgruppe-Ilse-Kempf-Vernissage-2016-1024x678.jpg 1024w\" sizes=\"auto, (max-width: 300px) 100vw, 300px\" \/><\/p>\n<p><strong>Aquarell-Malerinnen zeigten ihr K\u00f6nnen<\/strong><\/p>\n<p>Zwei Malgruppen f\u00fchrten am Wochenende ihr K\u00f6nnen beim Aquarellmalen der \u00d6ffentlichkeit vor: die eine aus der AWO K\u00f6nigswinter, die andere aus der kfd Bad Honnef entstanden. Beide wurden von der Designerin Ilse Kempf aus Thomasberg geleitet. Auf einer gut besuchten Vernissage am Samstagvormittag im AWO-Treff konnten die Werke der Hobbyk\u00fcnstlerinnen, die teilweise schon zwei Jahre Unterricht hatten, bestaunt werden. Zahlreiche auch k\u00fcnstlerisch schwierige Themen, wie die Ruine des Klosters Heisterbach oder die Weinberge im Herbst, waren mit Feinf\u00fchligkeit, Akribie und Farbenreichtum bearbeitet worden. Ilse Kempf legte dabei Wert auf den freien Umgang mit Pinsel und Farben. Die Ergebnisse zeigten, wie weit die Malgruppen in ihrer Entwicklung schon gekommen waren.Sie sprach ihren Sch\u00fclerinnen ihre Anerkennung aus:&#8220;Ich bin stolz auf Euch!&#8220;<\/p>\n<p>Die sehr sehenswerte Ausstellung war bis 24. November montags, mittwochs und donnerstags von 15 bis 18 Uhr im AWO-Treff, Niederdollendorf, Hauptstra\u00dfe 109, zu sehen.<\/p>\n<p>&nbsp;<\/p>\n<p><strong>Gut besuchter AWO-Tag mit Prominenz<\/strong><\/p>\n<p>Gut besucht war der AWO-Tag der K\u00f6nigswinterer Arbeiterwohlfahrt am 04.Juni 2016.\u00a0\u00a0 Nach einer zweist\u00fcndigen rechts- und linksrheinischen Wanderung &#8222;Zwischen den F\u00e4hren&#8220; traf man sich auf dem Hof des AWO-Treffs in Niederdollendorf zu einem gem\u00fctlichen Beisammensein bei Grillw\u00fcrstchen, Salat und Kuchen.<\/p>\n<p><img loading=\"lazy\" decoding=\"async\" class=\"alignnone wp-image-183\" src=\"http:\/\/awo-koenigswinter.de\/wp-content\/uploads\/2016\/06\/DSC0237-300x199.jpg\" alt=\"_DSC0237\" width=\"382\" height=\"259\" \/><img loading=\"lazy\" decoding=\"async\" class=\"wp-image-185 alignright\" src=\"http:\/\/awo-koenigswinter.de\/wp-content\/uploads\/2016\/06\/DSC0267-300x199.jpg\" alt=\"_DSC0267\" width=\"359\" height=\"243\" \/><\/p>\n<p>Viel politische Prominenz feierte vergn\u00fcgt mit: B\u00fcrgermeister Peter Wirtz, CDU-Fraktionsvorsitzender Dr. Josef Griese,\u00a0Peter Landsberg (K\u00f6wi), Joachim Hirzel (SPD), Bernd\u00a0Schlegel (FDP) und die Sozialdezernentin Heike J\u00fcngling. AWO-Vorsitzende Hannelore Sander hob in ihrer Begr\u00fc\u00dfung die Zusammenarbeit mit der Stadtverwaltung, insbesondere mit der Sozialverwaltung, und dem Stadtrat hervor.<\/p>\n<p>Die Live-Musik des Duos Ulrike &amp; Ernst, das gemeinsam mit den Anwesenden Lieder von den Black F\u00f6\u00f6s sang, trug\u00a0zur guten Stimmung der Gesellschaft bei. Anwesend war auch der Vorstand der AWO Bad Honnef, der mit eigener Musik aufwartete<\/p>\n<p>Hannelore Sander ehrte im Rahmen des AWO-Tags zahlreiche langj\u00e4hrige Mitglieder. Auf dem Foto sind zu sehen (von links): Karl-Heinz Seger, Hermann Krauthausen (beide f\u00fcr 30 Jahre), Toni Kiepke f\u00fcr 15 Jahre, Peter Wirtz, Hannelore Sander, Doris Henseler-Adam f\u00fcr 15 Jahre) und Renate Bergholz f\u00fcr 35 Jahre Mitgliedschaft.<\/p>\n<p>&nbsp;<\/p>\n<p><img loading=\"lazy\" decoding=\"async\" class=\"alignnone wp-image-184\" src=\"http:\/\/awo-koenigswinter.de\/wp-content\/uploads\/2016\/06\/DSC0246-300x199.jpg\" alt=\"_DSC0246\" width=\"481\" height=\"327\" \/><\/p>\n<p>&nbsp;<\/p>\n<p><strong>Lesung \u00fcber Globalisierung<\/strong><\/p>\n<p>Die AWO K\u00f6nigswinter und der Emma-Club Bonn\/Rhein-Sieg\u00a0 luden f\u00fcr Donnerstag, den 26. Oktober, zu einer Lesung des Autors Rudolf Lauffs ein. Sein Buch &#8222;Globalisierung am Ende -Ein Bericht \u00fcber die Auswirkungen der Globalisierung und den Anfang der globalen Soialen Marktwirtschaft&#8220; ber\u00fchrte ein aktuelles, umstrittenes Thema. Der Autor stellte sich dieser Diskussion, auf die man gespannt sein durfte.<\/p>\n<p>Die Lesung fand um 19 Uhr im AWO-Treff, Hauptstra\u00dfe 109 in Niederdollendorf statt.<\/p>\n<p>&nbsp;<\/p>\n<p><strong>Ausstellung der Malerin Margot Keila<\/strong><\/p>\n<p><img loading=\"lazy\" decoding=\"async\" class=\"size-medium wp-image-261 alignleft\" src=\"http:\/\/awo-koenigswinter.de\/wp-content\/uploads\/2016\/08\/Ausstellung-Margot-Keila-300x199.jpg\" alt=\"ausstellung-margot-keila\" width=\"300\" height=\"199\" \/><\/p>\n<p>Mit leuchtenden Farben fanden die Bilder der Malerin<br \/>\nMargot Keila aus Wesseling im Rahmen der K\u00f6nigswinterer Kunsttage starke Aufmerksamkeit. Aus den letzten drei Jahren stammten die Werke, die Namen wie &#8222;Hausgeister&#8220; oder &#8222;Spiel mit dem Feuer&#8220; trugen. Keila arbeitet mit Acryl-Farbpigmenten und l\u00e4sst die Farben bis zu einem bestimmten Punkt laufen. Teilweise werden Farben \u00fcbereinander gelegt oder mit Hilfe von Folien in bestimmte Formen gebracht. Die interessanten Techniken hatte Margot Keila auf verschiedenen Kunstakademien gelernt. Vize-B\u00fcrgermeisterin Cornelia Mazur-Fl\u00f6er, die die Ausstellung am Sonntag er\u00f6ffnete, dankte der K\u00fcnstlerin f\u00fcr ihren Beitrag zu den K\u00f6nigswinterer Kunsttagen. Hannelore Sander, Vorsitzende der AWO, unterstrich die Bedeutung von Kunst in einer Begegnungsst\u00e4tte, in der Menschen aus unterschiedlichen Bereichen zusammen kommen.<\/p>\n<p>Die Ausstellung konnte montags, mittwochs und donnerstags von 15 bis 18 Uhr im AWO-Treff, Hauptstra\u00dfe 109 in Niederdollendorf besichtigt werden. Sie wurde bis 26. Oktober gezeigt.<\/p>\n<p>Foto (Ries) von links: Cornelia Mazur-Fl\u00f6er, Margot Keila, Hannelore Sander<\/p>\n<p>&nbsp;<\/p>\n<p><strong>AWO nahm an den K\u00f6igswinterer Kunsttagen teil<\/strong><\/p>\n<p><strong>\u00a0<\/strong><img loading=\"lazy\" decoding=\"async\" class=\"size-medium wp-image-243 alignleft\" src=\"http:\/\/awo-koenigswinter.de\/wp-content\/uploads\/2016\/08\/Keila-Ausstellung-218x300.jpg\" alt=\"Keila-Ausstellung\" width=\"218\" height=\"300\" srcset=\"https:\/\/awo-koenigswinter.de\/wp-content\/uploads\/2016\/08\/Keila-Ausstellung-218x300.jpg 218w, https:\/\/awo-koenigswinter.de\/wp-content\/uploads\/2016\/08\/Keila-Ausstellung-768x1056.jpg 768w, https:\/\/awo-koenigswinter.de\/wp-content\/uploads\/2016\/08\/Keila-Ausstellung-745x1024.jpg 745w, https:\/\/awo-koenigswinter.de\/wp-content\/uploads\/2016\/08\/Keila-Ausstellung.jpg 1700w\" sizes=\"auto, (max-width: 218px) 100vw, 218px\" \/>Zum ersten Mal nahm die AWO an den K\u00f6nigswinterer Kunsttagen am letzten September-Wochenende teil. Am 25. September um 11 Uhr fand im AWO-Treff in Niederdollendorf, Hauptstra\u00dfe 109, die Vernissage einer Ausstellung der Malerin Margot Keila statt. Margot Keila, Jahrgang 1946, lebt in Wesseling und ist erst sp\u00e4t zur Malerei gekommen. Sie hat seit 2011 etliche Malschulen und die Kunstakademie Heimbach besucht und stellt seit 2013 in Br\u00fchl, Bonn und Wesseling \u00f6ffentlich aus. Ihre Malerei ist abstrakt und die Wirkung ihrer Bilder beruht auf dem Zusammenspiel von Farbe = Materie + Wasser = Energie. Das Nass-In-Nass-Arbeiten l\u00e4sst in den Farbfl\u00e4chen Konturen, Grenzlinien und Vernetzungen entstehen. Die Malerei gewinnt an Geheimnis und ihre Inhalte und Stimmungen erweitern sich<br \/>\n\u00fcber das Absichtliche hinaus.<\/p>\n<p style=\"text-align: left;\">Die Ausstellung wurde von Vize-B\u00fcrgermeisterin Cornlia Mazur-Fl\u00f6er er\u00f6ffnet<\/p>\n<p style=\"text-align: left;\">\n","protected":false},"excerpt":{"rendered":"<p>&nbsp; Rheinisches Weihnachtsfest der AWO Das Rheinische dominierte bei der Weihnachtsfeier der AWO K\u00f6nigswinter deutlich. So trug die Sproch- und Spilljrupp aus Niederdollendorf eine Szene \u00fcber die Volksz\u00e4hlung von Herodes vor 2016 Jahren vor, die sie nach K\u00f6ln verlegt hatte. <span class=\"excerpt-dots\">&hellip;<\/span> <a class=\"more-link\" href=\"https:\/\/awo-koenigswinter.de\/?page_id=182\"><span class=\"more-msg\">Weiterlesen &rarr;<\/span><\/a><\/p>\n","protected":false},"author":2,"featured_media":0,"parent":27,"menu_order":20,"comment_status":"closed","ping_status":"closed","template":"","meta":{"footnotes":""},"class_list":["post-182","page","type-page","status-publish","hentry"],"_links":{"self":[{"href":"https:\/\/awo-koenigswinter.de\/index.php?rest_route=\/wp\/v2\/pages\/182","targetHints":{"allow":["GET"]}}],"collection":[{"href":"https:\/\/awo-koenigswinter.de\/index.php?rest_route=\/wp\/v2\/pages"}],"about":[{"href":"https:\/\/awo-koenigswinter.de\/index.php?rest_route=\/wp\/v2\/types\/page"}],"author":[{"embeddable":true,"href":"https:\/\/awo-koenigswinter.de\/index.php?rest_route=\/wp\/v2\/users\/2"}],"replies":[{"embeddable":true,"href":"https:\/\/awo-koenigswinter.de\/index.php?rest_route=%2Fwp%2Fv2%2Fcomments&post=182"}],"version-history":[{"count":21,"href":"https:\/\/awo-koenigswinter.de\/index.php?rest_route=\/wp\/v2\/pages\/182\/revisions"}],"predecessor-version":[{"id":346,"href":"https:\/\/awo-koenigswinter.de\/index.php?rest_route=\/wp\/v2\/pages\/182\/revisions\/346"}],"up":[{"embeddable":true,"href":"https:\/\/awo-koenigswinter.de\/index.php?rest_route=\/wp\/v2\/pages\/27"}],"wp:attachment":[{"href":"https:\/\/awo-koenigswinter.de\/index.php?rest_route=%2Fwp%2Fv2%2Fmedia&parent=182"}],"curies":[{"name":"wp","href":"https:\/\/api.w.org\/{rel}","templated":true}]}}