{"id":1112,"date":"2022-11-16T10:47:55","date_gmt":"2022-11-16T10:47:55","guid":{"rendered":"https:\/\/awo-koenigswinter.de\/?page_id=1112"},"modified":"2024-02-04T12:10:48","modified_gmt":"2024-02-04T12:10:48","slug":"rueckblick-2022","status":"publish","type":"page","link":"https:\/\/awo-koenigswinter.de\/?page_id=1112","title":{"rendered":"R\u00fcckblick 2022"},"content":{"rendered":"<p>&nbsp;<\/p>\n<p><img loading=\"lazy\" decoding=\"async\" class=\"wp-image-1140 alignleft\" src=\"https:\/\/awo-koenigswinter.de\/wp-content\/uploads\/2022\/11\/Krippenfiguren-2022-195x300.jpg\" alt=\"\" width=\"280\" height=\"292\" \/><\/p>\n<p><strong>AWO f\u00e4hrt zum Weihnachtsdorf<\/strong><\/p>\n<p>Zum Weihnachtsdorf in Waldbreitbach ging die diesj\u00e4hrige Weihnachtsfahrt der Arbeiterwohlfahrt K\u00f6nigswinter.<\/p>\n<p>Sie fand am Samstag, dem 3. Dember, statt. Der gesamte Ort im Wiedtal verwandelt sich seit mehr als 30 Jahren in ein Weihnachtsdorf mit einer beachtlichen Krippensammlung. An diesem Samstag fand der Christkindelmarkt statt, und auf der B\u00fchne gab es Musik aus der Region.<\/p>\n<p>&nbsp;<\/p>\n<p>&nbsp;<\/p>\n<p>&nbsp;<\/p>\n<p>&nbsp;<\/p>\n<p>&nbsp;<\/p>\n<p>&nbsp;<\/p>\n<p>________________________________________________________________________________________________________________________________<\/p>\n<p>&nbsp;<\/p>\n<p><strong>Mit der AWO ins Kaiserbad<\/strong><\/p>\n<p>Eine Fahrt nach Bad Ems veranstaltete die Arbeiterwohlfahrt K\u00f6nigswinter am letzten Samstag. Die Gruppe besuchte die barocken Kurbauten und ging mit einer Reiseleiterin auf eine historische Zeitreise in das 18. Jahrhundert, in dem europ\u00e4ische Herrscher wie Wilhelm I, Zar Alexander II, K\u00f6nig Georg von Englandin Bad Ems kurten und K\u00fcnstler wie Dostojewski, Paganini oder Jaques Offenbach Heilung von ihren Lungenkrankheiten suchten. Das Kursaalgeb\u00e4ude und hier der Marmorsaal beeindruckten ebenso wie die mit 57 Grad hei\u00dfe Quelle, der Robert-Kampe-Sprudel. Am Emser Kr\u00e4nchen konnte man das ber\u00fchmte Emser Heilwasser trinken (s. Foto von Peter Bierbrauer).<\/p>\n<p>Anschlie\u00dfend ging es zum Keramik-Museum in H\u00f6hr-Grenzhausen, das historische Keramikfunde ebenso zeigte wie heutige Gebrauchskeramik und moderne Keramik-Kunst (s. Foto Peter Bierbrauer).<\/p>\n<p><img loading=\"lazy\" decoding=\"async\" class=\"alignnone size-medium wp-image-1084\" src=\"https:\/\/awo-koenigswinter.de\/wp-content\/uploads\/2022\/09\/Keramikmuseum-2022-300x200.jpg\" alt=\"\" width=\"300\" height=\"200\" srcset=\"https:\/\/awo-koenigswinter.de\/wp-content\/uploads\/2022\/09\/Keramikmuseum-2022-300x200.jpg 300w, https:\/\/awo-koenigswinter.de\/wp-content\/uploads\/2022\/09\/Keramikmuseum-2022-1024x683.jpg 1024w, https:\/\/awo-koenigswinter.de\/wp-content\/uploads\/2022\/09\/Keramikmuseum-2022-768x512.jpg 768w, https:\/\/awo-koenigswinter.de\/wp-content\/uploads\/2022\/09\/Keramikmuseum-2022-1536x1024.jpg 1536w, https:\/\/awo-koenigswinter.de\/wp-content\/uploads\/2022\/09\/Keramikmuseum-2022-2048x1365.jpg 2048w\" sizes=\"auto, (max-width: 300px) 100vw, 300px\" \/> <img loading=\"lazy\" decoding=\"async\" class=\"size-medium wp-image-1085 alignleft\" src=\"https:\/\/awo-koenigswinter.de\/wp-content\/uploads\/2022\/09\/AWO-in-Bad-Ems-2022-300x200.jpg\" alt=\"\" width=\"300\" height=\"200\" srcset=\"https:\/\/awo-koenigswinter.de\/wp-content\/uploads\/2022\/09\/AWO-in-Bad-Ems-2022-300x200.jpg 300w, https:\/\/awo-koenigswinter.de\/wp-content\/uploads\/2022\/09\/AWO-in-Bad-Ems-2022-1024x683.jpg 1024w, https:\/\/awo-koenigswinter.de\/wp-content\/uploads\/2022\/09\/AWO-in-Bad-Ems-2022-768x512.jpg 768w, https:\/\/awo-koenigswinter.de\/wp-content\/uploads\/2022\/09\/AWO-in-Bad-Ems-2022-1536x1025.jpg 1536w, https:\/\/awo-koenigswinter.de\/wp-content\/uploads\/2022\/09\/AWO-in-Bad-Ems-2022-2048x1366.jpg 2048w\" sizes=\"auto, (max-width: 300px) 100vw, 300px\" \/><\/p>\n<p>_____________________________________________________________________________________________________________________________________<\/p>\n<p><strong>Gut gelaunt mit der AWO in der S\u00fcdpfalz<\/strong><\/p>\n<p><img loading=\"lazy\" decoding=\"async\" class=\"alignnone wp-image-1079 size-large\" src=\"https:\/\/awo-koenigswinter.de\/wp-content\/uploads\/2022\/09\/AWO-Suedpfalt-2022-1024x530.jpg\" alt=\"\" width=\"1024\" height=\"530\" srcset=\"https:\/\/awo-koenigswinter.de\/wp-content\/uploads\/2022\/09\/AWO-Suedpfalt-2022-1024x530.jpg 1024w, https:\/\/awo-koenigswinter.de\/wp-content\/uploads\/2022\/09\/AWO-Suedpfalt-2022-300x155.jpg 300w, https:\/\/awo-koenigswinter.de\/wp-content\/uploads\/2022\/09\/AWO-Suedpfalt-2022-768x397.jpg 768w, https:\/\/awo-koenigswinter.de\/wp-content\/uploads\/2022\/09\/AWO-Suedpfalt-2022-1536x795.jpg 1536w, https:\/\/awo-koenigswinter.de\/wp-content\/uploads\/2022\/09\/AWO-Suedpfalt-2022-2048x1060.jpg 2048w\" sizes=\"auto, (max-width: 1024px) 100vw, 1024px\" \/><\/p>\n<p>Die S\u00fcdpfalz und das Elsass waren Ziel der mehrt\u00e4gigen Reise der Arbeiterwohlfahrt K\u00f6nigswinter Ende August mit rund 30 Teilnehmenden. Vom Schuhmuseum in Hauenstein ging es zum Fachwerkst\u00e4dtchen Annweiler. Die Kaiserstadt Speyer, die Altstadt und der Dom, standen au\u00dferdem auf dem Programm. Eindrucksvoll war eine Fahrt mit dem Schiff auf dem Altrhein. Ein Rundgang in Neustadt, der Besuch im Winzerdorf Rhodt mit der ber\u00fchmten Theresienstra\u00dfe und eine Weinprobe im Weingut Wissing gaben einen guten Eindruck von den Problemen des Weinanbaus in Zeiten der D\u00fcrre.<\/p>\n<p>Im n\u00f6rdlichen Elsass besuchte die AWO das St\u00e4dtchen Wissembourg mit seiner gut erhaltenen Altstadt.<br \/>\nReiseleiterin Lisa Marquardt: &#8222;Nach dem Reiseverzicht w\u00e4hrend der Corona-Pandemie haben die Teilnehmenden diese Fahrt im sonnigen Sp\u00e4tsommer richtig genossen.&#8220;<\/p>\n<p>_____________________________________________________________________________________________________________________________<\/p>\n<p><strong>Paris war eine Reise wert.<\/strong><\/p>\n<p>Unter dem Titel \u201eParis zu Fu\u00df\u201c bot die AWO K\u00f6nigswinter eine Reise in die franz\u00f6sische Hauptstadt an, um nicht nur die \u00fcblichen touristischen Highlights zu besuchen, sondern auch interessante, aber weniger bekannte Orte zu entdecken.<\/p>\n<p>Unter sachverst\u00e4ndiger Leitung von Dr. Peter Bierbrauer, der an jedem Ziel ausf\u00fchrliche Erl\u00e4uterungen bereithielt, erlebte die 14-k\u00f6pfige Gruppe f\u00fcnf spannende Tage voller neuer Eindr\u00fccke.<\/p>\n<p>Von der Ile de la Cit\u00e9, die von einer Bootsfahrt auf der Seine aus angesehen wurde, ging es zum Gel\u00e4nde der ehemaligen Pariser Hallen, die unter einer k\u00fchnen Dachkonstruktion heute zahlreiche Gesch\u00e4fte beherbergt, zur zweitgr\u00f6\u00dften Kirche von Paris, der St. Eustache und zum Centre Pompidou.<\/p>\n<p>Interessant waren Einblicke in die Pariser Passagen, von denen einige aus dem fr\u00fchen 19. Jahrhundert stammen, der Besuch des Place Vendome und den Champs-Elys\u00e9es und nicht zuletzt der Galeries Lafayette, dem pr\u00e4chtigsten Pariser Kaufhaus aus dem ausgehenden 19. Jahrhundert.<\/p>\n<p>Auf dem Friedhof \u201eP\u00e8re Lachaise\u201c spazierte die Gruppe zum Grab von Edith Piaf, flanierte \u00fcber die Rue Mouffetard mit ihren ausgefallenen Delikatessen und besuchte eine lange verborgene r\u00f6mische Arena, die bei Bauarbeiten entdeckt worden war. Weiter ging es zum Jardin des Plantes, der einst Rilkes ber\u00fchmten Tiger beherbergt hat. Ein Besuch im Mus\u00e9e d\u2019Orsay, des Louvre und des Mus\u00e9e Rodin waren H\u00f6hepunkte f\u00fcr die Kulturfreundinnen und -freunde.<\/p>\n<p>Abschlie\u00dfend besuchte die Gruppe den \u201ePlace des Vosges\u201c, das Zentrum des Marais, sah sich mit der Rue Rosie ein fr\u00fcheres Zentrum j\u00fcdischen Lebens an und bummelte dann \u00fcber die stille, nahezu autofreie Seine-Insel St. Lous durch das<br \/>\nQuartier Lati<\/p>\n<p>Eine anspruchsvolle und erlebnisreiche Fahrt mit kompetenter und umsichtiger Leitung bei strahlendem Sonnenschein. Was kann man sich mehr w\u00fcnschen!<\/p>\n<p><img loading=\"lazy\" decoding=\"async\" src=\"https:\/\/awo-koenigswinter.de\/wp-content\/uploads\/2022\/07\/Paris-2022.jpg\" alt=\"\" width=\"265\" height=\"199\" \/> \u00a0 \u00a0 \u00a0 \u00a0 \u00a0 <img loading=\"lazy\" decoding=\"async\" src=\"https:\/\/awo-koenigswinter.de\/wp-content\/uploads\/2022\/07\/Paris-5-2022.jpg\" alt=\"\" width=\"265\" height=\"199\" \/> \u00a0 \u00a0 \u00a0 \u00a0 \u00a0 <img loading=\"lazy\" decoding=\"async\" src=\"https:\/\/awo-koenigswinter.de\/wp-content\/uploads\/2022\/07\/Paris-2-2022-e1657878970192.jpg\" alt=\"\" width=\"265\" height=\"199\" \/><\/p>\n<p>Gut beh\u00fctet nach Paris \u00a0\u00a0\u00a0\u00a0\u00a0\u00a0\u00a0\u00a0\u00a0\u00a0\u00a0\u00a0\u00a0\u00a0\u00a0\u00a0\u00a0\u00a0\u00a0\u00a0\u00a0\u00a0\u00a0\u00a0\u00a0\u00a0\u00a0\u00a0\u00a0\u00a0\u00a0\u00a0\u00a0 Wohlverdiente Ruhepause \u00a0\u00a0\u00a0\u00a0\u00a0\u00a0\u00a0\u00a0\u00a0\u00a0\u00a0\u00a0\u00a0\u00a0\u00a0 \u00a0 \u00a0 \u00a0\u00a0\u00a0\u00a0\u00a0\u00a0\u00a0\u00a0\u00a0\u00a0\u00a0 Reiseleiter Peter Bierbrauer in Aktion<\/p>\n<p><img loading=\"lazy\" decoding=\"async\" src=\"https:\/\/awo-koenigswinter.de\/wp-content\/uploads\/2022\/07\/Paris-3-2022.jpg\" alt=\"\" width=\"265\" height=\"353\" \/> \u00a0 \u00a0 \u00a0 \u00a0\u00a0 <img loading=\"lazy\" decoding=\"async\" src=\"https:\/\/awo-koenigswinter.de\/wp-content\/uploads\/2022\/07\/Paris-4-2022.jpg\" alt=\"\" width=\"265\" height=\"353\" \/> \u00a0\u00a0 \u00a0 \u00a0\u00a0 \u00a0\u00a0 <img loading=\"lazy\" decoding=\"async\" src=\"https:\/\/awo-koenigswinter.de\/wp-content\/uploads\/2022\/07\/Paris-7-2022.jpg\" alt=\"\" width=\"265\" height=\"354\" \/><\/p>\n<p>Grab von Edith Piaf\u00a0\u00a0\u00a0\u00a0\u00a0\u00a0\u00a0\u00a0\u00a0\u00a0\u00a0\u00a0\u00a0\u00a0\u00a0\u00a0\u00a0\u00a0\u00a0\u00a0\u00a0\u00a0\u00a0\u00a0\u00a0\u00a0\u00a0\u00a0\u00a0\u00a0\u00a0\u00a0\u00a0\u00a0\u00a0\u00a0\u00a0\u00a0\u00a0\u00a0\u00a0\u00a0\u00a0\u00a0\u00a0\u00a0\u00a0\u00a0\u00a0\u00a0\u00a0\u00a0\u00a0\u00a0 Musee d\u00b4 Orsay \u00a0\u00a0\u00a0\u00a0\u00a0\u00a0\u00a0\u00a0\u00a0\u00a0\u00a0\u00a0\u00a0\u00a0\u00a0\u00a0\u00a0\u00a0\u00a0\u00a0\u00a0\u00a0\u00a0\u00a0\u00a0\u00a0\u00a0\u00a0\u00a0\u00a0\u00a0\u00a0\u00a0\u00a0\u00a0\u00a0\u00a0\u00a0\u00a0\u00a0\u00a0\u00a0\u00a0\u00a0\u00a0\u00a0\u00a0\u00a0 Pariser Passage<\/p>\n<p><img loading=\"lazy\" decoding=\"async\" src=\"https:\/\/awo-koenigswinter.de\/wp-content\/uploads\/2022\/07\/Paris-1-2022.jpg\" alt=\"\" width=\"265\" height=\"199\" \/><\/p>\n<p>Aussicht von der Lafayette-Dachterrasse<\/p>\n<hr \/>\n<p>&nbsp;<\/p>\n<p><strong>Wie lebten unsere Vorfahren?<\/strong><\/p>\n<p>Das Neanderthal-Museum war das erste Ziel der Fahrt ins Bergische Land am 21. Mai 2022.<\/p>\n<p>Eine F\u00fchrung lie\u00df die Entwicklung der Menschheit vom Affen zum Homo Sapiens nachvollziehen. Zahlreiche Vorurteile \u00fcber dumme und kulturlose Neanderthaler wurden entkr\u00e4ftet. Seine Gene finden sich immer noch in unserem heutigen Erbgut.<\/p>\n<p>Die n\u00e4chste Station war die Gastst\u00e4tte \u201eZur sch\u00f6nen Aussicht\u201c auf \u201eSchloss Burg\u201c mi einer gro\u00dfartigen Aussicht ins Bergische Land und der typischen Bergischen Kaffeetafel.<\/p>\n<p>Den Abschluss bildete das Klingenmuseum in Solingen, das Waffen aus allen Jahrhunderten seit dem Mittelalter zeigte und Bestecke vom Arztbesteck vor 200 Jahren bis zum modernen Essbesteck pr\u00e4sentierte.<\/p>\n<p><img loading=\"lazy\" decoding=\"async\" class=\"alignnone size-medium wp-image-1038\" src=\"https:\/\/awo-koenigswinter.de\/wp-content\/uploads\/2022\/06\/Neandertalmuseum-2022-300x225.jpg\" alt=\"\" width=\"300\" height=\"225\" srcset=\"https:\/\/awo-koenigswinter.de\/wp-content\/uploads\/2022\/06\/Neandertalmuseum-2022-300x225.jpg 300w, https:\/\/awo-koenigswinter.de\/wp-content\/uploads\/2022\/06\/Neandertalmuseum-2022-1024x768.jpg 1024w, https:\/\/awo-koenigswinter.de\/wp-content\/uploads\/2022\/06\/Neandertalmuseum-2022-768x576.jpg 768w, https:\/\/awo-koenigswinter.de\/wp-content\/uploads\/2022\/06\/Neandertalmuseum-2022-1536x1152.jpg 1536w, https:\/\/awo-koenigswinter.de\/wp-content\/uploads\/2022\/06\/Neandertalmuseum-2022-2048x1536.jpg 2048w\" sizes=\"auto, (max-width: 300px) 100vw, 300px\" \/><img loading=\"lazy\" decoding=\"async\" class=\"alignnone size-medium wp-image-1044\" src=\"https:\/\/awo-koenigswinter.de\/wp-content\/uploads\/2022\/06\/Neandertalmuseum-1-Mai-2022-300x225.jpg\" alt=\"\" width=\"300\" height=\"225\" srcset=\"https:\/\/awo-koenigswinter.de\/wp-content\/uploads\/2022\/06\/Neandertalmuseum-1-Mai-2022-300x225.jpg 300w, https:\/\/awo-koenigswinter.de\/wp-content\/uploads\/2022\/06\/Neandertalmuseum-1-Mai-2022-1024x768.jpg 1024w, https:\/\/awo-koenigswinter.de\/wp-content\/uploads\/2022\/06\/Neandertalmuseum-1-Mai-2022-768x576.jpg 768w, https:\/\/awo-koenigswinter.de\/wp-content\/uploads\/2022\/06\/Neandertalmuseum-1-Mai-2022-1536x1152.jpg 1536w, https:\/\/awo-koenigswinter.de\/wp-content\/uploads\/2022\/06\/Neandertalmuseum-1-Mai-2022.jpg 2048w\" sizes=\"auto, (max-width: 300px) 100vw, 300px\" \/> <img loading=\"lazy\" decoding=\"async\" class=\"alignnone wp-image-1045\" src=\"https:\/\/awo-koenigswinter.de\/wp-content\/uploads\/2022\/06\/Zur-schoenen-Aussicht-Mai-2022-270x300.jpg\" alt=\"\" width=\"207\" height=\"230\" srcset=\"https:\/\/awo-koenigswinter.de\/wp-content\/uploads\/2022\/06\/Zur-schoenen-Aussicht-Mai-2022-270x300.jpg 270w, https:\/\/awo-koenigswinter.de\/wp-content\/uploads\/2022\/06\/Zur-schoenen-Aussicht-Mai-2022-923x1024.jpg 923w, https:\/\/awo-koenigswinter.de\/wp-content\/uploads\/2022\/06\/Zur-schoenen-Aussicht-Mai-2022-768x852.jpg 768w, https:\/\/awo-koenigswinter.de\/wp-content\/uploads\/2022\/06\/Zur-schoenen-Aussicht-Mai-2022-1385x1536.jpg 1385w, https:\/\/awo-koenigswinter.de\/wp-content\/uploads\/2022\/06\/Zur-schoenen-Aussicht-Mai-2022-1847x2048.jpg 1847w\" sizes=\"auto, (max-width: 207px) 100vw, 207px\" \/><\/p>\n<p>___________________________________________________________________________________________________________________________________<\/p>\n<p>&nbsp;<\/p>\n","protected":false},"excerpt":{"rendered":"<p>&nbsp; AWO f\u00e4hrt zum Weihnachtsdorf Zum Weihnachtsdorf in Waldbreitbach ging die diesj\u00e4hrige Weihnachtsfahrt der Arbeiterwohlfahrt K\u00f6nigswinter. Sie fand am Samstag, dem 3. Dember, statt. Der gesamte Ort im Wiedtal verwandelt sich seit mehr als 30 Jahren in ein Weihnachtsdorf mit <span class=\"excerpt-dots\">&hellip;<\/span> <a class=\"more-link\" href=\"https:\/\/awo-koenigswinter.de\/?page_id=1112\"><span class=\"more-msg\">Weiterlesen &rarr;<\/span><\/a><\/p>\n","protected":false},"author":1,"featured_media":0,"parent":34,"menu_order":14,"comment_status":"closed","ping_status":"closed","template":"","meta":{"footnotes":""},"class_list":["post-1112","page","type-page","status-publish","hentry"],"_links":{"self":[{"href":"https:\/\/awo-koenigswinter.de\/index.php?rest_route=\/wp\/v2\/pages\/1112","targetHints":{"allow":["GET"]}}],"collection":[{"href":"https:\/\/awo-koenigswinter.de\/index.php?rest_route=\/wp\/v2\/pages"}],"about":[{"href":"https:\/\/awo-koenigswinter.de\/index.php?rest_route=\/wp\/v2\/types\/page"}],"author":[{"embeddable":true,"href":"https:\/\/awo-koenigswinter.de\/index.php?rest_route=\/wp\/v2\/users\/1"}],"replies":[{"embeddable":true,"href":"https:\/\/awo-koenigswinter.de\/index.php?rest_route=%2Fwp%2Fv2%2Fcomments&post=1112"}],"version-history":[{"count":4,"href":"https:\/\/awo-koenigswinter.de\/index.php?rest_route=\/wp\/v2\/pages\/1112\/revisions"}],"predecessor-version":[{"id":1340,"href":"https:\/\/awo-koenigswinter.de\/index.php?rest_route=\/wp\/v2\/pages\/1112\/revisions\/1340"}],"up":[{"embeddable":true,"href":"https:\/\/awo-koenigswinter.de\/index.php?rest_route=\/wp\/v2\/pages\/34"}],"wp:attachment":[{"href":"https:\/\/awo-koenigswinter.de\/index.php?rest_route=%2Fwp%2Fv2%2Fmedia&parent=1112"}],"curies":[{"name":"wp","href":"https:\/\/api.w.org\/{rel}","templated":true}]}}