{"id":1110,"date":"2022-11-16T10:41:20","date_gmt":"2022-11-16T10:41:20","guid":{"rendered":"https:\/\/awo-koenigswinter.de\/?page_id=1110"},"modified":"2024-02-04T11:45:37","modified_gmt":"2024-02-04T11:45:37","slug":"rueckblick-2022","status":"publish","type":"page","link":"https:\/\/awo-koenigswinter.de\/?page_id=1110","title":{"rendered":"R\u00fcckblick 2022"},"content":{"rendered":"<p><strong>Weihnachtlicher Kaffeeklatsch mit einer Lesung<\/strong><\/p>\n<p>Ein weihnachtliches Scherenschnittbild und eine Lesung von weihnachtlichen Texten wird es am Mittwoch, dem 21. Dezember, um 14 Uhr im AWO-Treff geben. Die K\u00fcnstlerin Ilse Kempf wird im Rahmen des traditionellen Kaffeetrinkens lesen. Neben der Kaffeeklatsch-Runde sind alle Interessierten herzlich eingeladen.<br \/>\n______________________________________________________________________________________________________________________________________<\/p>\n<p><strong>AWO-Weihnachtsfeier mit viel Musik<\/strong><\/p>\n<p>Klassische und rheinische Weihnachtslieder standen im Mittelpunkt der Weihnachtsfeier der AWO K\u00f6nigswinter, die am 10. Dezember im Unterstellsaal in Thomasberg stattfand. Au\u00dferdem besuchte Many Lohmer die Runde, um &#8222;Leedscher un Verz\u00e4llscher&#8220; mit viel Humor und Herzlichkeit vorzutragen. Eine gute Tradition war das Kuchenb\u00fcffet mit einer gro\u00dfen Auswahl selbstgebackener Kuchen und Torten. Auch die Tombola geizte nicht mit interessanten Gewinnen, die -wie immer- recht ungleich ausgelost wurden. Abschlie\u00dfend verteilte AWO-Vorsitzende Hannelore Sander die Pl\u00e4tzchent\u00fcten an die Mitglieder. Ein Teil der Pl\u00e4tzchen wird im Obdachlosenheim in K\u00f6nigswinter verteilt.<\/p>\n<p>Fotos von links: G\u00e4ste, Hannelore Sander, Ulrike und Ernst<\/p>\n<p><img loading=\"lazy\" decoding=\"async\" class=\"alignnone wp-image-1147\" src=\"https:\/\/awo-koenigswinter.de\/wp-content\/uploads\/2022\/12\/AWO-Weihnachtsfeier-2022-2-300x179.jpg\" alt=\"\" width=\"303\" height=\"214\" \/> <img loading=\"lazy\" decoding=\"async\" class=\"alignnone size-medium wp-image-1148\" src=\"https:\/\/awo-koenigswinter.de\/wp-content\/uploads\/2022\/12\/AWO-Weihnachtsfeier-2022-210x300.jpg\" alt=\"\" width=\"210\" height=\"300\" srcset=\"https:\/\/awo-koenigswinter.de\/wp-content\/uploads\/2022\/12\/AWO-Weihnachtsfeier-2022-210x300.jpg 210w, https:\/\/awo-koenigswinter.de\/wp-content\/uploads\/2022\/12\/AWO-Weihnachtsfeier-2022-716x1024.jpg 716w, https:\/\/awo-koenigswinter.de\/wp-content\/uploads\/2022\/12\/AWO-Weihnachtsfeier-2022-768x1098.jpg 768w, https:\/\/awo-koenigswinter.de\/wp-content\/uploads\/2022\/12\/AWO-Weihnachtsfeier-2022-1075x1536.jpg 1075w, https:\/\/awo-koenigswinter.de\/wp-content\/uploads\/2022\/12\/AWO-Weihnachtsfeier-2022-1433x2048.jpg 1433w, https:\/\/awo-koenigswinter.de\/wp-content\/uploads\/2022\/12\/AWO-Weihnachtsfeier-2022-scaled.jpg 1791w\" sizes=\"auto, (max-width: 210px) 100vw, 210px\" \/> <img loading=\"lazy\" decoding=\"async\" class=\"alignnone size-medium wp-image-1149\" src=\"https:\/\/awo-koenigswinter.de\/wp-content\/uploads\/2022\/12\/AWO-Weihnachtsfeier-Ulrike-Ernst-2022-300x216.jpg\" alt=\"\" width=\"300\" height=\"216\" srcset=\"https:\/\/awo-koenigswinter.de\/wp-content\/uploads\/2022\/12\/AWO-Weihnachtsfeier-Ulrike-Ernst-2022-300x216.jpg 300w, https:\/\/awo-koenigswinter.de\/wp-content\/uploads\/2022\/12\/AWO-Weihnachtsfeier-Ulrike-Ernst-2022-1024x737.jpg 1024w, https:\/\/awo-koenigswinter.de\/wp-content\/uploads\/2022\/12\/AWO-Weihnachtsfeier-Ulrike-Ernst-2022-768x553.jpg 768w, https:\/\/awo-koenigswinter.de\/wp-content\/uploads\/2022\/12\/AWO-Weihnachtsfeier-Ulrike-Ernst-2022-1536x1106.jpg 1536w, https:\/\/awo-koenigswinter.de\/wp-content\/uploads\/2022\/12\/AWO-Weihnachtsfeier-Ulrike-Ernst-2022-2048x1475.jpg 2048w\" sizes=\"auto, (max-width: 300px) 100vw, 300px\" \/><\/p>\n<p>______________________________________________________________________________________________________________________________________<\/p>\n<p><strong>AWO diskutiert \u00fcber globalen Klimaschutz<\/strong><\/p>\n<p>50 Jahre nach der Ver\u00f6ffentlichung des &#8222;Clubs of Rome&#8220; haben Wissenschaftler unter dem Titel &#8222;Earth for all&#8220; einen aktuellen Bericht vorgelegt, der anhand von f\u00fcnf Aktionsfeldern zeigt, welche Ver\u00e4nderungen notwendig sind, um unseren Kindern und Enkeln eine lebenswerte Umwelt zu erhalten. Dar\u00fcber diskutierte die AWO K\u00f6nigswinter am 28. November um 18.30 Uhr im AWO-Treff in Niederdollendorf, Hauptstra\u00dfe 109. Referent Paul Schl\u00fcter stellte die Vorschl\u00e4ge vor.<br \/>\n_____________________________________________________________________________________________________________________________________<\/p>\n<p><strong>AWO veranstaltete Adventsbasar <\/strong><\/p>\n<p>Ihren diesj\u00e4hrigen Adventsbasar veranstaltete die AWO K\u00f6nigswinter am Samstag, dem 19. November, von 11 bis 14 Uhr. Es wurden weihnachtliche Dekorationen und Geschenke angeboten. Weiterhin ist der AWO-Laden f\u00fcr Kleidung, B\u00fccher\u00a0 und Haushaltswaren ge\u00f6ffnet. Der AWO-Laden in Niederdollendorf, Hauptstr. 109, ist mit der Stra\u00dfenbahn Linie 66 bis Oberdollendorf \u00fcber die Heisterbachersstra\u00dfe bis zur Hauptstra\u00dfe links um die Ecke zu erreichen.<br \/>\n____________________________________________________________________________________________________________________________________<\/p>\n<div dir=\"ltr\" data-setdir=\"false\">\n<p>&nbsp;<\/p>\n<p><img loading=\"lazy\" decoding=\"async\" class=\"wp-image-1139 size-medium alignleft\" src=\"https:\/\/awo-koenigswinter.de\/wp-content\/uploads\/2022\/11\/20221116_114611_1-142x300.jpg\" alt=\"\" width=\"142\" height=\"300\" srcset=\"https:\/\/awo-koenigswinter.de\/wp-content\/uploads\/2022\/11\/20221116_114611_1-142x300.jpg 142w, https:\/\/awo-koenigswinter.de\/wp-content\/uploads\/2022\/11\/20221116_114611_1-484x1024.jpg 484w, https:\/\/awo-koenigswinter.de\/wp-content\/uploads\/2022\/11\/20221116_114611_1-768x1623.jpg 768w, https:\/\/awo-koenigswinter.de\/wp-content\/uploads\/2022\/11\/20221116_114611_1-727x1536.jpg 727w, https:\/\/awo-koenigswinter.de\/wp-content\/uploads\/2022\/11\/20221116_114611_1-969x2048.jpg 969w, https:\/\/awo-koenigswinter.de\/wp-content\/uploads\/2022\/11\/20221116_114611_1-scaled.jpg 1211w\" sizes=\"auto, (max-width: 142px) 100vw, 142px\" \/>Einen Scheck \u00fcber 200 Euro \u00fcberreichte die AWO K\u00f6nigswinter am 16. Nov 2022 der K\u00f6nigswinterer Tafel<\/p>\n<p>rechts: AWO Vorsitzende Hannelore Sander und Edith Kinder<br \/>\nlinks:\u00a0\u00a0\u00a0 Tafelchefin Manuela Klock-Rousselli<\/p>\n<p>&nbsp;<\/p>\n<\/div>\n<p>_____________________________________________________________________________________________________________________________________<\/p>\n<p><strong>Ehrenamtstag in Oberpleis<\/strong><\/p>\n<p>Auf dem Ehrenamtstag des Forums Ehrenamt am 5. November pr\u00e4sentierte sich neben anderen Verb\u00e4nden und Einrichtungen auch die AWO K\u00f6nigswinter. Sie konnte dadurch einem Fachpublikum \u00fcber ihre Angebote informieren.<\/p>\n<p><img loading=\"lazy\" decoding=\"async\" class=\"alignnone size-medium wp-image-1137\" src=\"https:\/\/awo-koenigswinter.de\/wp-content\/uploads\/2022\/11\/20221105_124218-142x300.jpg\" alt=\"\" width=\"142\" height=\"300\" srcset=\"https:\/\/awo-koenigswinter.de\/wp-content\/uploads\/2022\/11\/20221105_124218-142x300.jpg 142w, https:\/\/awo-koenigswinter.de\/wp-content\/uploads\/2022\/11\/20221105_124218-484x1024.jpg 484w, https:\/\/awo-koenigswinter.de\/wp-content\/uploads\/2022\/11\/20221105_124218-768x1623.jpg 768w, https:\/\/awo-koenigswinter.de\/wp-content\/uploads\/2022\/11\/20221105_124218-727x1536.jpg 727w, https:\/\/awo-koenigswinter.de\/wp-content\/uploads\/2022\/11\/20221105_124218-969x2048.jpg 969w, https:\/\/awo-koenigswinter.de\/wp-content\/uploads\/2022\/11\/20221105_124218-scaled.jpg 1211w\" sizes=\"auto, (max-width: 142px) 100vw, 142px\" \/><img loading=\"lazy\" decoding=\"async\" class=\"alignnone size-medium wp-image-1138\" src=\"https:\/\/awo-koenigswinter.de\/wp-content\/uploads\/2022\/11\/20221105_151453-142x300.jpg\" alt=\"\" width=\"142\" height=\"300\" srcset=\"https:\/\/awo-koenigswinter.de\/wp-content\/uploads\/2022\/11\/20221105_151453-142x300.jpg 142w, https:\/\/awo-koenigswinter.de\/wp-content\/uploads\/2022\/11\/20221105_151453-484x1024.jpg 484w, https:\/\/awo-koenigswinter.de\/wp-content\/uploads\/2022\/11\/20221105_151453-768x1623.jpg 768w, https:\/\/awo-koenigswinter.de\/wp-content\/uploads\/2022\/11\/20221105_151453-727x1536.jpg 727w, https:\/\/awo-koenigswinter.de\/wp-content\/uploads\/2022\/11\/20221105_151453-969x2048.jpg 969w, https:\/\/awo-koenigswinter.de\/wp-content\/uploads\/2022\/11\/20221105_151453-scaled.jpg 1211w\" sizes=\"auto, (max-width: 142px) 100vw, 142px\" \/><img loading=\"lazy\" decoding=\"async\" class=\"alignnone size-medium wp-image-1142\" src=\"https:\/\/awo-koenigswinter.de\/wp-content\/uploads\/2022\/12\/Ehrenamtstag-2022-300x168.jpg\" alt=\"\" width=\"300\" height=\"168\" srcset=\"https:\/\/awo-koenigswinter.de\/wp-content\/uploads\/2022\/12\/Ehrenamtstag-2022-300x168.jpg 300w, https:\/\/awo-koenigswinter.de\/wp-content\/uploads\/2022\/12\/Ehrenamtstag-2022-1024x575.jpg 1024w, https:\/\/awo-koenigswinter.de\/wp-content\/uploads\/2022\/12\/Ehrenamtstag-2022-768x431.jpg 768w, https:\/\/awo-koenigswinter.de\/wp-content\/uploads\/2022\/12\/Ehrenamtstag-2022-1536x862.jpg 1536w, https:\/\/awo-koenigswinter.de\/wp-content\/uploads\/2022\/12\/Ehrenamtstag-2022-2048x1150.jpg 2048w\" sizes=\"auto, (max-width: 300px) 100vw, 300px\" \/><br \/>\n___________________________________________________________________________________________________________________________________<\/p>\n<p><strong>Sonniges Kartoffelfest am Rhein<\/strong><\/p>\n<p>Bei strahlender Sonne feierte die AWO K\u00f6nigswinter ihr diesj\u00e4hriges Kartoffelfest am 22. Oktober im Kanuclub K\u00f6nigswinter. Es gab leckere Reibekuchen und Kn\u00e4llchen oder Kesselsknall oder Puttes oder D\u00f6ppekoche&#8230;.<\/p>\n<p><img loading=\"lazy\" decoding=\"async\" class=\"alignnone size-medium wp-image-1133\" src=\"https:\/\/awo-koenigswinter.de\/wp-content\/uploads\/2022\/11\/20221022_125908-142x300.jpg\" alt=\"\" width=\"142\" height=\"300\" srcset=\"https:\/\/awo-koenigswinter.de\/wp-content\/uploads\/2022\/11\/20221022_125908-142x300.jpg 142w, https:\/\/awo-koenigswinter.de\/wp-content\/uploads\/2022\/11\/20221022_125908-484x1024.jpg 484w, https:\/\/awo-koenigswinter.de\/wp-content\/uploads\/2022\/11\/20221022_125908-768x1623.jpg 768w, https:\/\/awo-koenigswinter.de\/wp-content\/uploads\/2022\/11\/20221022_125908-727x1536.jpg 727w, https:\/\/awo-koenigswinter.de\/wp-content\/uploads\/2022\/11\/20221022_125908-969x2048.jpg 969w, https:\/\/awo-koenigswinter.de\/wp-content\/uploads\/2022\/11\/20221022_125908-scaled.jpg 1211w\" sizes=\"auto, (max-width: 142px) 100vw, 142px\" \/> <img loading=\"lazy\" decoding=\"async\" class=\"alignnone size-medium wp-image-1134\" src=\"https:\/\/awo-koenigswinter.de\/wp-content\/uploads\/2022\/11\/20221022_130118-142x300.jpg\" alt=\"\" width=\"142\" height=\"300\" srcset=\"https:\/\/awo-koenigswinter.de\/wp-content\/uploads\/2022\/11\/20221022_130118-142x300.jpg 142w, https:\/\/awo-koenigswinter.de\/wp-content\/uploads\/2022\/11\/20221022_130118-484x1024.jpg 484w, https:\/\/awo-koenigswinter.de\/wp-content\/uploads\/2022\/11\/20221022_130118-768x1623.jpg 768w, https:\/\/awo-koenigswinter.de\/wp-content\/uploads\/2022\/11\/20221022_130118-727x1536.jpg 727w, https:\/\/awo-koenigswinter.de\/wp-content\/uploads\/2022\/11\/20221022_130118-969x2048.jpg 969w, https:\/\/awo-koenigswinter.de\/wp-content\/uploads\/2022\/11\/20221022_130118-scaled.jpg 1211w\" sizes=\"auto, (max-width: 142px) 100vw, 142px\" \/> <img loading=\"lazy\" decoding=\"async\" class=\"alignnone size-medium wp-image-1135\" src=\"https:\/\/awo-koenigswinter.de\/wp-content\/uploads\/2022\/11\/20221022_133900-142x300.jpg\" alt=\"\" width=\"142\" height=\"300\" srcset=\"https:\/\/awo-koenigswinter.de\/wp-content\/uploads\/2022\/11\/20221022_133900-142x300.jpg 142w, https:\/\/awo-koenigswinter.de\/wp-content\/uploads\/2022\/11\/20221022_133900-484x1024.jpg 484w, https:\/\/awo-koenigswinter.de\/wp-content\/uploads\/2022\/11\/20221022_133900-768x1623.jpg 768w, https:\/\/awo-koenigswinter.de\/wp-content\/uploads\/2022\/11\/20221022_133900-727x1536.jpg 727w, https:\/\/awo-koenigswinter.de\/wp-content\/uploads\/2022\/11\/20221022_133900-969x2048.jpg 969w, https:\/\/awo-koenigswinter.de\/wp-content\/uploads\/2022\/11\/20221022_133900-scaled.jpg 1211w\" sizes=\"auto, (max-width: 142px) 100vw, 142px\" \/> <img loading=\"lazy\" decoding=\"async\" class=\"alignnone size-medium wp-image-1136\" src=\"https:\/\/awo-koenigswinter.de\/wp-content\/uploads\/2022\/11\/20221022_144243-142x300.jpg\" alt=\"\" width=\"142\" height=\"300\" srcset=\"https:\/\/awo-koenigswinter.de\/wp-content\/uploads\/2022\/11\/20221022_144243-142x300.jpg 142w, https:\/\/awo-koenigswinter.de\/wp-content\/uploads\/2022\/11\/20221022_144243-484x1024.jpg 484w, https:\/\/awo-koenigswinter.de\/wp-content\/uploads\/2022\/11\/20221022_144243-768x1623.jpg 768w, https:\/\/awo-koenigswinter.de\/wp-content\/uploads\/2022\/11\/20221022_144243-727x1536.jpg 727w, https:\/\/awo-koenigswinter.de\/wp-content\/uploads\/2022\/11\/20221022_144243-969x2048.jpg 969w, https:\/\/awo-koenigswinter.de\/wp-content\/uploads\/2022\/11\/20221022_144243-scaled.jpg 1211w\" sizes=\"auto, (max-width: 142px) 100vw, 142px\" \/><\/p>\n<p>_____________________________________________________________________________________________________________________________________<\/p>\n<p><strong>AWO-Tag am 16. Juli<\/strong><\/p>\n<p>Endlich wieder gemeinsam feiern! Am 16. Juli begann der diesj\u00e4hrige AWO-Tag mit einer Wanderung zwischen den F\u00e4hren. Treffpunkt war um 11 Uhr an der F\u00e4hre Niederdollendorf. Ab 13 Uhr gabt es Grillw\u00fcrstchen, selbstgemachte Salate und Kuchen. Und nach dem Essen hies es: gemeinsam singen mit Ulrike &amp; Ernst.<\/p>\n<p>___________________________________________________________________________________________________________________________________<\/p>\n","protected":false},"excerpt":{"rendered":"<p>Weihnachtlicher Kaffeeklatsch mit einer Lesung Ein weihnachtliches Scherenschnittbild und eine Lesung von weihnachtlichen Texten wird es am Mittwoch, dem 21. Dezember, um 14 Uhr im AWO-Treff geben. Die K\u00fcnstlerin Ilse Kempf wird im Rahmen des traditionellen Kaffeetrinkens lesen. Neben der <span class=\"excerpt-dots\">&hellip;<\/span> <a class=\"more-link\" href=\"https:\/\/awo-koenigswinter.de\/?page_id=1110\"><span class=\"more-msg\">Weiterlesen &rarr;<\/span><\/a><\/p>\n","protected":false},"author":1,"featured_media":0,"parent":27,"menu_order":14,"comment_status":"closed","ping_status":"closed","template":"","meta":{"footnotes":""},"class_list":["post-1110","page","type-page","status-publish","hentry"],"_links":{"self":[{"href":"https:\/\/awo-koenigswinter.de\/index.php?rest_route=\/wp\/v2\/pages\/1110","targetHints":{"allow":["GET"]}}],"collection":[{"href":"https:\/\/awo-koenigswinter.de\/index.php?rest_route=\/wp\/v2\/pages"}],"about":[{"href":"https:\/\/awo-koenigswinter.de\/index.php?rest_route=\/wp\/v2\/types\/page"}],"author":[{"embeddable":true,"href":"https:\/\/awo-koenigswinter.de\/index.php?rest_route=\/wp\/v2\/users\/1"}],"replies":[{"embeddable":true,"href":"https:\/\/awo-koenigswinter.de\/index.php?rest_route=%2Fwp%2Fv2%2Fcomments&post=1110"}],"version-history":[{"count":5,"href":"https:\/\/awo-koenigswinter.de\/index.php?rest_route=\/wp\/v2\/pages\/1110\/revisions"}],"predecessor-version":[{"id":1336,"href":"https:\/\/awo-koenigswinter.de\/index.php?rest_route=\/wp\/v2\/pages\/1110\/revisions\/1336"}],"up":[{"embeddable":true,"href":"https:\/\/awo-koenigswinter.de\/index.php?rest_route=\/wp\/v2\/pages\/27"}],"wp:attachment":[{"href":"https:\/\/awo-koenigswinter.de\/index.php?rest_route=%2Fwp%2Fv2%2Fmedia&parent=1110"}],"curies":[{"name":"wp","href":"https:\/\/api.w.org\/{rel}","templated":true}]}}